{"id":29119,"date":"2025-12-23T13:13:15","date_gmt":"2025-12-23T12:13:15","guid":{"rendered":"https:\/\/samorzadstudentow.uwr.edu.pl\/?page_id=29119"},"modified":"2025-12-23T22:49:32","modified_gmt":"2025-12-23T21:49:32","slug":"nieturystyka","status":"publish","type":"page","link":"https:\/\/samorzadstudentow.uwr.edu.pl\/en\/nieturystyka\/","title":{"rendered":"(Nie)turystyka"},"content":{"rendered":"\n<div class=\"wp-block-stackable-spacer stk-block-spacer stk--no-padding stk-block stk-131dc8e\" data-block-id=\"131dc8e\"><style>.stk-131dc8e {height:25px !important;}<\/style><\/div>\n\n\n\n<h1 class=\"wp-block-heading has-text-align-center\"><strong>(NIE)TURYSTYKA<\/strong><\/h1>\n\n\n\n<h3 class=\"wp-block-heading has-text-align-center\">This is a series of meetings for those who, instead of all-inclusive experiences, prefer stories from the end of the world, lost paths, and places barely mentioned in guidebooks.<br><strong>(Nie)turystyka<\/strong> is a mix of stories from unconventional destinations, unique photographs, engaging lectures, and opportunities to expand your knowledge of the world.<br>Each edition brings new travelers, new countries, and new inspirations.<\/h3>\n\n\n\n<div class=\"wp-block-stackable-spacer stk-block-spacer stk--no-padding stk-block stk-05f3366\" data-block-id=\"05f3366\"><style>.stk-05f3366 {height:30px !important;}<\/style><\/div>\n\n\n\n<div class=\"simple-image-switcher\" data-images='[\n  \"https:\/\/samorzadstudentow.uwr.edu.pl\/wp-content\/uploads\/sites\/507\/2025\/11\/Nieturystyka_galeria_5.jpg\",\n  \"https:\/\/samorzadstudentow.uwr.edu.pl\/wp-content\/uploads\/sites\/507\/2025\/11\/Nieturystyka_galeria_4.jpg\",\n  \"https:\/\/samorzadstudentow.uwr.edu.pl\/wp-content\/uploads\/sites\/507\/2025\/11\/Nieturystyka_galeria_3.jpg\",\n  \"https:\/\/samorzadstudentow.uwr.edu.pl\/wp-content\/uploads\/sites\/507\/2025\/11\/Nieturystyka_galeria_2.jpg\",\n  \"https:\/\/samorzadstudentow.uwr.edu.pl\/wp-content\/uploads\/sites\/507\/2025\/11\/Nieturystyka_galeria_1.jpg\",\n  \"https:\/\/samorzadstudentow.uwr.edu.pl\/wp-content\/uploads\/sites\/507\/2025\/12\/Nieturystyka_nowe_1.jpeg\",\n  \"https:\/\/samorzadstudentow.uwr.edu.pl\/wp-content\/uploads\/sites\/507\/2025\/12\/Nieturystyka_nowe_2.jpeg\",\n  \"https:\/\/samorzadstudentow.uwr.edu.pl\/wp-content\/uploads\/sites\/507\/2025\/12\/Nieturystyka_nowe_3.jpeg\",\n  \"https:\/\/samorzadstudentow.uwr.edu.pl\/wp-content\/uploads\/sites\/507\/2025\/12\/Nieturystyka_nowe_4.jpeg\",\n  \"https:\/\/samorzadstudentow.uwr.edu.pl\/wp-content\/uploads\/sites\/507\/2025\/12\/Nieturystyka_nowe_5.jpeg\",\n  \"https:\/\/samorzadstudentow.uwr.edu.pl\/wp-content\/uploads\/sites\/507\/2025\/12\/Nieturystyka_nowe_6.jpeg\",\n  \"https:\/\/samorzadstudentow.uwr.edu.pl\/wp-content\/uploads\/sites\/507\/2025\/12\/Nieturystyka_nowe_7.jpeg\",\n  \"https:\/\/samorzadstudentow.uwr.edu.pl\/wp-content\/uploads\/sites\/507\/2025\/12\/Nieturystyka_nowe_8.jpeg\",\n  \"https:\/\/samorzadstudentow.uwr.edu.pl\/wp-content\/uploads\/sites\/507\/2025\/12\/Nieturystyka_nowe_9.jpeg\",\n  \"https:\/\/samorzadstudentow.uwr.edu.pl\/wp-content\/uploads\/sites\/507\/2025\/12\/Nieturystyka_nowe_10.jpeg\",\n  \"https:\/\/samorzadstudentow.uwr.edu.pl\/wp-content\/uploads\/sites\/507\/2025\/12\/Nieturystyka_nowe_11.jpeg\",\n  \"https:\/\/samorzadstudentow.uwr.edu.pl\/wp-content\/uploads\/sites\/507\/2025\/12\/Nieturystyka_nowe_12.jpeg\"\n]'>\n  <button class=\"simple-image-switcher__arrow simple-image-switcher__arrow--prev\" aria-label=\"Poprzednie zdj\u0119cie\">&#10094;<\/button>\n  \n  <div class=\"simple-image-switcher__frame\">\n    <img decoding=\"async\" src=\"\" alt=\"Slajd\" class=\"simple-image-switcher__img\">\n  <\/div>\n  \n  <button class=\"simple-image-switcher__arrow simple-image-switcher__arrow--next\" aria-label=\"Nast\u0119pne zdj\u0119cie\">&#10095;<\/button>\n<\/div>\n\n<style>\n  .simple-image-switcher {\n    display: flex;\n    align-items: center;\n    justify-content: center;\n    gap: 10px;\n    max-width: 1200px;  \/* maksymalna szeroko\u015b\u0107 ca\u0142ego widgetu *\/\n    margin: 5px auto;\n  }\n\n  .simple-image-switcher__frame {\n    width: 1200px;   \/* SZEROKO\u015a\u0106 ZDJ\u0118CIA *\/\n    height: 600px;  \/* WYSOKO\u015a\u0106 ZDJ\u0118CIA *\/\n    overflow: hidden;\n    position: relative;\n  }\n\n  .simple-image-switcher__img {\n    width: 100%;\n    height: 100%;\n    object-fit: cover; \/* przycina zdj\u0119cie tak, \u017ceby wype\u0142nia\u0142o ramk\u0119 *\/\n    display: block;\n  }\n\n  .simple-image-switcher__arrow {\n    border: none;\n    background: rgba(0,0,0,0.2);\n    color: #fff;\n    padding: 8px 12px;\n    font-size: 20px;\n    cursor: pointer;\n  }\n\n  .simple-image-switcher__arrow:hover {\n    background: rgba(0,0,0,0.8);\n  }\n \/* ===== TABLETY (np. iPad) ===== *\/\n  @media (max-width: 1024px) {\n    .simple-image-switcher {\n      max-width: 900px;\n    }\n\n    .simple-image-switcher__frame {\n      width: 800px;   \/* troch\u0119 mniejsze ni\u017c desktop *\/\n      height: 400px;\n    }\n\n    .simple-image-switcher__arrow {\n      font-size: 18px;\n      padding: 6px 10px;\n    }\n  }\n\n  \/* ===== TELEFONY ===== *\/\n  @media (max-width: 768px) {\n    .simple-image-switcher {\n      max-width: 100%;\n      gap: 6px;\n      margin: 8px auto;\n    }\n\n    .simple-image-switcher__frame {\n      width: 100%;       \/* na ca\u0142\u0105 szeroko\u015b\u0107 ekranu *\/\n      height: auto;      \/* wysoko\u015b\u0107 dopasuje si\u0119 do szeroko\u015bci *\/\n      aspect-ratio: 4\/3; \/* przybli\u017cona proporcja \u2013 mo\u017cesz zmieni\u0107 np. na 16\/9 *\/\n    }\n\n    .simple-image-switcher__img {\n      width: 100%;\n      height: 100%;\n      object-fit: cover;\n    }\n\n    .simple-image-switcher__arrow {\n      font-size: 16px;\n      padding: 4px 8px;\n    }\n  }\n<\/style>\n\n\n<script>\n  document.addEventListener('DOMContentLoaded', function() {\n    var switchers = document.querySelectorAll('.simple-image-switcher');\n\n    switchers.forEach(function(switcher) {\n      var imgEl = switcher.querySelector('.simple-image-switcher__img');\n      var prevBtn = switcher.querySelector('.simple-image-switcher__arrow--prev');\n      var nextBtn = switcher.querySelector('.simple-image-switcher__arrow--next');\n\n      \/\/ pobieramy list\u0119 zdj\u0119\u0107 z atrybutu data-images (JSON)\n      var images;\n      try {\n        images = JSON.parse(switcher.getAttribute('data-images'));\n      } catch (e) {\n        images = [];\n      }\n\n      if (!images || images.length === 0) return;\n\n      var index = 0;\n\n      function showImage(i) {\n        if (i < 0) {\n          index = images.length - 1;\n        } else if (i >= images.length) {\n          index = 0;\n        } else {\n          index = i;\n        }\n        imgEl.src = images[index];\n      }\n\n      prevBtn.addEventListener('click', function() {\n        showImage(index - 1);\n      });\n\n      nextBtn.addEventListener('click', function() {\n        showImage(index + 1);\n      });\n\n      \/\/ poka\u017c pierwsze zdj\u0119cie\n      showImage(0);\n    });\n  });\n<\/script>\n\n\n\n<div class=\"wp-block-stackable-spacer stk-block-spacer stk--no-padding stk-block stk-4f524c6\" data-block-id=\"4f524c6\"><style>.stk-4f524c6 {height:40px !important;}<\/style><\/div>\n\n\n\n<h3 class=\"wp-block-heading has-text-align-center\">If you love exploring, hearing firsthand stories, and seeing the world from a different perspective &#8211; you&#8217;ll feel right at home here. Travel can be done in many ways\u2026 but it&#8217;s best to go off the beaten track.<\/h3>\n\n\n\n<div class=\"wp-block-stackable-spacer stk-block-spacer stk--no-padding stk-block stk-7ad6fa3\" data-block-id=\"7ad6fa3\"><style>.stk-7ad6fa3 {height:25px !important;}<\/style><\/div>\n\n\n\n<div class=\"social-row\">\n  \n  <a class=\"social-link\" href=\"https:\/\/www.tiktok.com\/@samorzad.uwr\" target=\"_blank\" rel=\"noopener\">\n    <img decoding=\"async\" src=\"https:\/\/samorzadstudentow.uwr.edu.pl\/wp-content\/uploads\/sites\/507\/2025\/11\/TikTok.png\" alt=\"TikTok\">\n  <\/a>\n\n  <a class=\"social-link\" href=\"https:\/\/www.instagram.com\/samorzad_studentow_uwr\/\" target=\"_blank\" rel=\"noopener\">\n    <img decoding=\"async\" src=\"https:\/\/samorzadstudentow.uwr.edu.pl\/wp-content\/uploads\/sites\/507\/2025\/11\/Instagram.png\" alt=\"Instagram\">\n  <\/a>\n\n  <a class=\"social-link social-link--facebook\" href=\"https:\/\/www.facebook.com\/samorzad.uwr\" target=\"_blank\" rel=\"noopener\">\n    <img decoding=\"async\" src=\"https:\/\/samorzadstudentow.uwr.edu.pl\/wp-content\/uploads\/sites\/507\/2025\/11\/Facebook.png\" alt=\"Facebook\">\n  <\/a>\n\n<\/div>\n\n<style>\n  .social-row {\n    display: flex;\n    align-items: center;\n    justify-content: center;\n    gap: 1.5rem;\n    padding: 1rem 0;\n  }\n\n  .social-link img {\n    width: 4.5rem;\n    height: 4.5rem;\n    object-fit: contain;\n    transition: transform 0.2s ease, opacity 0.2s ease;\n  }\n\n  .social-link:hover img {\n    transform: translateY(-0.1rem) scale(1.05);\n    opacity: 0.7;\n  }\n\n\n  \/* Tablety *\/\n  @media (max-width: 64em) {\n    .social-link img {\n      width: 3.5rem;\n      height: 3.5rem;\n    }\n  }\n\n  \/* Telefony *\/\n  @media (max-width: 48em) {\n    .social-link img {\n      width: 2.7rem;\n      height: 2.7rem;\n    }\n  }\n<\/style>\n\n\n\n<div class=\"wp-block-ugb-spacer ugb-spacer ugb-152bbe5 ugb-spacer--v2 ugb-main-block\"><div class=\"ugb-inner-block\"><div class=\"ugb-block-content\"><div class=\"ugb-spacer--inner\"><\/div><\/div><\/div><\/div>\n","protected":false},"excerpt":{"rendered":"<p>(NIE)TURYSTYKA This is a series of meetings for those who, instead of all-inclusive experiences, prefer stories from the end of the world, lost paths, and places barely mentioned in guidebooks.(Nie)turystyka is a mix of stories from unconventional destinations, unique photographs, engaging lectures, and opportunities to expand your knowledge of the world.Each edition brings new travelers, [&hellip;]<\/p>\n","protected":false},"author":9402,"featured_media":0,"parent":0,"menu_order":0,"comment_status":"closed","ping_status":"closed","template":"","meta":{"_acf_changed":false,"inline_featured_image":false,"site-sidebar-layout":"default","site-content-layout":"","ast-site-content-layout":"default","site-content-style":"default","site-sidebar-style":"default","ast-global-header-display":"","ast-banner-title-visibility":"","ast-main-header-display":"","ast-hfb-above-header-display":"","ast-hfb-below-header-display":"","ast-hfb-mobile-header-display":"","site-post-title":"disabled","ast-breadcrumbs-content":"","ast-featured-img":"","footer-sml-layout":"","ast-disable-related-posts":"","theme-transparent-header-meta":"","adv-header-id-meta":"","stick-header-meta":"","header-above-stick-meta":"","header-main-stick-meta":"","header-below-stick-meta":"","astra-migrate-meta-layouts":"set","ast-page-background-enabled":"default","ast-page-background-meta":{"desktop":{"background-color":"","background-image":"","background-repeat":"repeat","background-position":"center center","background-size":"auto","background-attachment":"scroll","background-type":"","background-media":"","overlay-type":"","overlay-color":"","overlay-opacity":"","overlay-gradient":""},"tablet":{"background-color":"","background-image":"","background-repeat":"repeat","background-position":"center center","background-size":"auto","background-attachment":"scroll","background-type":"","background-media":"","overlay-type":"","overlay-color":"","overlay-opacity":"","overlay-gradient":""},"mobile":{"background-color":"","background-image":"","background-repeat":"repeat","background-position":"center center","background-size":"auto","background-attachment":"scroll","background-type":"","background-media":"","overlay-type":"","overlay-color":"","overlay-opacity":"","overlay-gradient":""}},"ast-content-background-meta":{"desktop":{"background-color":"var(--ast-global-color-5)","background-image":"","background-repeat":"repeat","background-position":"center center","background-size":"auto","background-attachment":"scroll","background-type":"","background-media":"","overlay-type":"","overlay-color":"","overlay-opacity":"","overlay-gradient":""},"tablet":{"background-color":"var(--ast-global-color-5)","background-image":"","background-repeat":"repeat","background-position":"center center","background-size":"auto","background-attachment":"scroll","background-type":"","background-media":"","overlay-type":"","overlay-color":"","overlay-opacity":"","overlay-gradient":""},"mobile":{"background-color":"var(--ast-global-color-5)","background-image":"","background-repeat":"repeat","background-position":"center center","background-size":"auto","background-attachment":"scroll","background-type":"","background-media":"","overlay-type":"","overlay-color":"","overlay-opacity":"","overlay-gradient":""}},"footnotes":""},"categories":[],"tags":[],"class_list":["post-29119","page","type-page","status-publish","hentry"],"featured_image_urls_v2":{"full":"","thumbnail":"","medium":"","medium_large":"","large":"","1536x1536":"","2048x2048":"","menu-24x24":"","menu-36x36":"","menu-48x48":""},"post_excerpt_stackable_v2":"<p>(NIE)TURYSTYKA This is a series of meetings for those who, instead of all-inclusive experiences, prefer stories from the end of the world, lost paths, and places barely mentioned in guidebooks.(Nie)turystyka is a mix of stories from unconventional destinations, unique photographs, engaging lectures, and opportunities to expand your knowledge of the world.Each edition brings new travelers, new countries, and new inspirations. &#10094; &#10095; If you love exploring, hearing firsthand stories, and seeing the world from a different perspective &#8211; you&#8217;ll feel right at home here. Travel can be done in many ways\u2026 but it&#8217;s best to go off the beaten track.<\/p>\n","category_list_v2":"Uncategorized","author_info_v2":{"name":"s344801","url":"https:\/\/samorzadstudentow.uwr.edu.pl\/en\/author\/s344801\/"},"comments_num_v2":"0 comments","acf":[],"yoast_head":"<!-- This site is optimized with the Yoast SEO plugin v27.1.1 - https:\/\/yoast.com\/product\/yoast-seo-wordpress\/ -->\n<title>(Nie)turystyka - Student Government of the University of Wroclaw<\/title>\n<meta name=\"robots\" content=\"index, follow, max-snippet:-1, max-image-preview:large, max-video-preview:-1\" \/>\n<link rel=\"canonical\" href=\"https:\/\/samorzadstudentow.uwr.edu.pl\/en\/nieturystyka\/\" \/>\n<meta property=\"og:locale\" content=\"en_US\" \/>\n<meta property=\"og:type\" content=\"article\" \/>\n<meta property=\"og:title\" content=\"(Nie)turystyka - Student Government of the University of Wroclaw\" \/>\n<meta property=\"og:description\" content=\"(NIE)TURYSTYKA This is a series of meetings for those who, instead of all-inclusive experiences, prefer stories from the end of the world, lost paths, and places barely mentioned in guidebooks.(Nie)turystyka is a mix of stories from unconventional destinations, unique photographs, engaging lectures, and opportunities to expand your knowledge of the world.Each edition brings new travelers, [&hellip;]\" \/>\n<meta property=\"og:url\" content=\"https:\/\/samorzadstudentow.uwr.edu.pl\/en\/nieturystyka\/\" \/>\n<meta property=\"og:site_name\" content=\"Student Government of the University of Wroclaw\" \/>\n<meta property=\"article:modified_time\" content=\"2025-12-23T21:49:32+00:00\" \/>\n<meta property=\"og:image\" content=\"https:\/\/samorzadstudentow.uwr.edu.pl\/wp-content\/uploads\/sites\/507\/2025\/11\/TikTok.png\" \/>\n<meta name=\"twitter:card\" content=\"summary_large_image\" \/>\n<meta name=\"twitter:label1\" content=\"Est. reading time\" \/>\n\t<meta name=\"twitter:data1\" content=\"2 minutes\" \/>\n<script type=\"application\/ld+json\" class=\"yoast-schema-graph\">{\"@context\":\"https:\/\/schema.org\",\"@graph\":[{\"@type\":\"WebPage\",\"@id\":\"https:\/\/samorzadstudentow.uwr.edu.pl\/en\/nieturystyka\/\",\"url\":\"https:\/\/samorzadstudentow.uwr.edu.pl\/en\/nieturystyka\/\",\"name\":\"(Nie)turystyka - Student Government of the University of Wroclaw\",\"isPartOf\":{\"@id\":\"https:\/\/samorzadstudentow.uwr.edu.pl\/#website\"},\"primaryImageOfPage\":{\"@id\":\"https:\/\/samorzadstudentow.uwr.edu.pl\/en\/nieturystyka\/#primaryimage\"},\"image\":{\"@id\":\"https:\/\/samorzadstudentow.uwr.edu.pl\/en\/nieturystyka\/#primaryimage\"},\"thumbnailUrl\":\"https:\/\/samorzadstudentow.uwr.edu.pl\/wp-content\/uploads\/sites\/507\/2025\/11\/TikTok.png\",\"datePublished\":\"2025-12-23T12:13:15+00:00\",\"dateModified\":\"2025-12-23T21:49:32+00:00\",\"breadcrumb\":{\"@id\":\"https:\/\/samorzadstudentow.uwr.edu.pl\/en\/nieturystyka\/#breadcrumb\"},\"inLanguage\":\"en-US\",\"potentialAction\":[{\"@type\":\"ReadAction\",\"target\":[\"https:\/\/samorzadstudentow.uwr.edu.pl\/en\/nieturystyka\/\"]}]},{\"@type\":\"ImageObject\",\"inLanguage\":\"en-US\",\"@id\":\"https:\/\/samorzadstudentow.uwr.edu.pl\/en\/nieturystyka\/#primaryimage\",\"url\":\"https:\/\/samorzadstudentow.uwr.edu.pl\/wp-content\/uploads\/sites\/507\/2025\/11\/TikTok.png\",\"contentUrl\":\"https:\/\/samorzadstudentow.uwr.edu.pl\/wp-content\/uploads\/sites\/507\/2025\/11\/TikTok.png\"},{\"@type\":\"BreadcrumbList\",\"@id\":\"https:\/\/samorzadstudentow.uwr.edu.pl\/en\/nieturystyka\/#breadcrumb\",\"itemListElement\":[{\"@type\":\"ListItem\",\"position\":1,\"name\":\"Strona g\u0142\u00f3wna\",\"item\":\"https:\/\/samorzadstudentow.uwr.edu.pl\/en\/strona-glowna2-2\/\"},{\"@type\":\"ListItem\",\"position\":2,\"name\":\"(Nie)turystyka\"}]},{\"@type\":\"WebSite\",\"@id\":\"https:\/\/samorzadstudentow.uwr.edu.pl\/#website\",\"url\":\"https:\/\/samorzadstudentow.uwr.edu.pl\/\",\"name\":\"Student Government of the University of Wroclaw\",\"description\":\"website created by students UWr for students UWr\",\"publisher\":{\"@id\":\"https:\/\/samorzadstudentow.uwr.edu.pl\/#organization\"},\"potentialAction\":[{\"@type\":\"SearchAction\",\"target\":{\"@type\":\"EntryPoint\",\"urlTemplate\":\"https:\/\/samorzadstudentow.uwr.edu.pl\/?s={search_term_string}\"},\"query-input\":{\"@type\":\"PropertyValueSpecification\",\"valueRequired\":true,\"valueName\":\"search_term_string\"}}],\"inLanguage\":\"en-US\"},{\"@type\":\"Organization\",\"@id\":\"https:\/\/samorzadstudentow.uwr.edu.pl\/#organization\",\"name\":\"Student Government of the University of Wroclaw\",\"url\":\"https:\/\/samorzadstudentow.uwr.edu.pl\/\",\"logo\":{\"@type\":\"ImageObject\",\"inLanguage\":\"en-US\",\"@id\":\"https:\/\/samorzadstudentow.uwr.edu.pl\/#\/schema\/logo\/image\/\",\"url\":\"https:\/\/samorzadstudentow.uwr.edu.pl\/wp-content\/uploads\/sites\/507\/2025\/10\/UWr-logotyp-2025.png\",\"contentUrl\":\"https:\/\/samorzadstudentow.uwr.edu.pl\/wp-content\/uploads\/sites\/507\/2025\/10\/UWr-logotyp-2025.png\",\"width\":764,\"height\":269,\"caption\":\"Student Government of the University of Wroclaw\"},\"image\":{\"@id\":\"https:\/\/samorzadstudentow.uwr.edu.pl\/#\/schema\/logo\/image\/\"}}]}<\/script>\n<!-- \/ Yoast SEO plugin. -->","yoast_head_json":{"title":"(Nie)turystyka - Student Government of the University of Wroclaw","robots":{"index":"index","follow":"follow","max-snippet":"max-snippet:-1","max-image-preview":"max-image-preview:large","max-video-preview":"max-video-preview:-1"},"canonical":"https:\/\/samorzadstudentow.uwr.edu.pl\/en\/nieturystyka\/","og_locale":"en_US","og_type":"article","og_title":"(Nie)turystyka - Student Government of the University of Wroclaw","og_description":"(NIE)TURYSTYKA This is a series of meetings for those who, instead of all-inclusive experiences, prefer stories from the end of the world, lost paths, and places barely mentioned in guidebooks.(Nie)turystyka is a mix of stories from unconventional destinations, unique photographs, engaging lectures, and opportunities to expand your knowledge of the world.Each edition brings new travelers, [&hellip;]","og_url":"https:\/\/samorzadstudentow.uwr.edu.pl\/en\/nieturystyka\/","og_site_name":"Student Government of the University of Wroclaw","article_modified_time":"2025-12-23T21:49:32+00:00","og_image":[{"url":"https:\/\/samorzadstudentow.uwr.edu.pl\/wp-content\/uploads\/sites\/507\/2025\/11\/TikTok.png","type":"","width":"","height":""}],"twitter_card":"summary_large_image","twitter_misc":{"Est. reading time":"2 minutes"},"schema":{"@context":"https:\/\/schema.org","@graph":[{"@type":"WebPage","@id":"https:\/\/samorzadstudentow.uwr.edu.pl\/en\/nieturystyka\/","url":"https:\/\/samorzadstudentow.uwr.edu.pl\/en\/nieturystyka\/","name":"(Nie)turystyka - Student Government of the University of Wroclaw","isPartOf":{"@id":"https:\/\/samorzadstudentow.uwr.edu.pl\/#website"},"primaryImageOfPage":{"@id":"https:\/\/samorzadstudentow.uwr.edu.pl\/en\/nieturystyka\/#primaryimage"},"image":{"@id":"https:\/\/samorzadstudentow.uwr.edu.pl\/en\/nieturystyka\/#primaryimage"},"thumbnailUrl":"https:\/\/samorzadstudentow.uwr.edu.pl\/wp-content\/uploads\/sites\/507\/2025\/11\/TikTok.png","datePublished":"2025-12-23T12:13:15+00:00","dateModified":"2025-12-23T21:49:32+00:00","breadcrumb":{"@id":"https:\/\/samorzadstudentow.uwr.edu.pl\/en\/nieturystyka\/#breadcrumb"},"inLanguage":"en-US","potentialAction":[{"@type":"ReadAction","target":["https:\/\/samorzadstudentow.uwr.edu.pl\/en\/nieturystyka\/"]}]},{"@type":"ImageObject","inLanguage":"en-US","@id":"https:\/\/samorzadstudentow.uwr.edu.pl\/en\/nieturystyka\/#primaryimage","url":"https:\/\/samorzadstudentow.uwr.edu.pl\/wp-content\/uploads\/sites\/507\/2025\/11\/TikTok.png","contentUrl":"https:\/\/samorzadstudentow.uwr.edu.pl\/wp-content\/uploads\/sites\/507\/2025\/11\/TikTok.png"},{"@type":"BreadcrumbList","@id":"https:\/\/samorzadstudentow.uwr.edu.pl\/en\/nieturystyka\/#breadcrumb","itemListElement":[{"@type":"ListItem","position":1,"name":"Strona g\u0142\u00f3wna","item":"https:\/\/samorzadstudentow.uwr.edu.pl\/en\/strona-glowna2-2\/"},{"@type":"ListItem","position":2,"name":"(Nie)turystyka"}]},{"@type":"WebSite","@id":"https:\/\/samorzadstudentow.uwr.edu.pl\/#website","url":"https:\/\/samorzadstudentow.uwr.edu.pl\/","name":"Student Government of the University of Wroclaw","description":"website created by students UWr for students UWr","publisher":{"@id":"https:\/\/samorzadstudentow.uwr.edu.pl\/#organization"},"potentialAction":[{"@type":"SearchAction","target":{"@type":"EntryPoint","urlTemplate":"https:\/\/samorzadstudentow.uwr.edu.pl\/?s={search_term_string}"},"query-input":{"@type":"PropertyValueSpecification","valueRequired":true,"valueName":"search_term_string"}}],"inLanguage":"en-US"},{"@type":"Organization","@id":"https:\/\/samorzadstudentow.uwr.edu.pl\/#organization","name":"Student Government of the University of Wroclaw","url":"https:\/\/samorzadstudentow.uwr.edu.pl\/","logo":{"@type":"ImageObject","inLanguage":"en-US","@id":"https:\/\/samorzadstudentow.uwr.edu.pl\/#\/schema\/logo\/image\/","url":"https:\/\/samorzadstudentow.uwr.edu.pl\/wp-content\/uploads\/sites\/507\/2025\/10\/UWr-logotyp-2025.png","contentUrl":"https:\/\/samorzadstudentow.uwr.edu.pl\/wp-content\/uploads\/sites\/507\/2025\/10\/UWr-logotyp-2025.png","width":764,"height":269,"caption":"Student Government of the University of Wroclaw"},"image":{"@id":"https:\/\/samorzadstudentow.uwr.edu.pl\/#\/schema\/logo\/image\/"}}]}},"publishpress_future_action":{"enabled":false,"date":"2026-05-20 00:48:50","action":"change-status","newStatus":"draft","terms":[],"taxonomy":"category","extraData":[]},"publishpress_future_workflow_manual_trigger":{"enabledWorkflows":[]},"_links":{"self":[{"href":"https:\/\/samorzadstudentow.uwr.edu.pl\/en\/wp-json\/wp\/v2\/pages\/29119\/"}],"collection":[{"href":"https:\/\/samorzadstudentow.uwr.edu.pl\/en\/wp-json\/wp\/v2\/pages\/"}],"about":[{"href":"https:\/\/samorzadstudentow.uwr.edu.pl\/en\/wp-json\/wp\/v2\/types\/page\/"}],"author":[{"embeddable":true,"href":"https:\/\/samorzadstudentow.uwr.edu.pl\/en\/wp-json\/wp\/v2\/users\/9402\/"}],"replies":[{"embeddable":true,"href":"https:\/\/samorzadstudentow.uwr.edu.pl\/en\/wp-json\/wp\/v2\/comments\/?post=29119"}],"version-history":[{"count":4,"href":"https:\/\/samorzadstudentow.uwr.edu.pl\/en\/wp-json\/wp\/v2\/pages\/29119\/revisions\/"}],"predecessor-version":[{"id":29722,"href":"https:\/\/samorzadstudentow.uwr.edu.pl\/en\/wp-json\/wp\/v2\/pages\/29119\/revisions\/29722\/"}],"wp:attachment":[{"href":"https:\/\/samorzadstudentow.uwr.edu.pl\/en\/wp-json\/wp\/v2\/media\/?parent=29119"}],"wp:term":[{"taxonomy":"category","embeddable":true,"href":"https:\/\/samorzadstudentow.uwr.edu.pl\/en\/wp-json\/wp\/v2\/categories\/?post=29119"},{"taxonomy":"post_tag","embeddable":true,"href":"https:\/\/samorzadstudentow.uwr.edu.pl\/en\/wp-json\/wp\/v2\/tags\/?post=29119"}],"curies":[{"name":"wp","href":"https:\/\/api.w.org\/{rel}","templated":true}]}}