{"id":29206,"date":"2025-12-23T15:08:04","date_gmt":"2025-12-23T14:08:04","guid":{"rendered":"https:\/\/samorzadstudentow.uwr.edu.pl\/?page_id=29206"},"modified":"2026-03-16T19:42:13","modified_gmt":"2026-03-16T18:42:13","slug":"student-parliament","status":"publish","type":"page","link":"https:\/\/samorzadstudentow.uwr.edu.pl\/en\/student-parliament\/","title":{"rendered":"Student Parliament"},"content":{"rendered":"\n<div class=\"wp-block-stackable-spacer stk-block-spacer stk--no-padding stk-block stk-131dc8e\" data-block-id=\"131dc8e\"><style>.stk-131dc8e {height:25px !important;}<\/style><\/div>\n\n\n\n<h1 class=\"wp-block-heading has-text-align-center\"><strong>STUDENT PARLIAMENT<\/strong><\/h1>\n\n\n\n<div class=\"wp-block-stackable-columns stk-block-columns stk-block stk-623ff87\" data-block-id=\"623ff87\"><div class=\"stk-row stk-inner-blocks stk-block-content stk-content-align stk-623ff87-column\">\n<div class=\"wp-block-stackable-column stk-block-column stk-column stk-block stk-4aff618\" data-v=\"4\" data-block-id=\"4aff618\"><div class=\"stk-column-wrapper stk-block-column__content stk-container stk-4aff618-container stk--no-background stk--no-padding\"><div class=\"stk-block-content stk-inner-blocks stk-4aff618-inner-blocks\">\n<p>The Student Parliament of the University of Wroc\u0142aw is the main student representative body. Our role includes representing student interests in contacts with university authorities and external institutions.<\/p>\n\n\n\n<p>It also supports student organizations and academic initiatives, providing essential assistance and promoting their activities within the academic community. It initiates social, educational, and cultural projects aimed at enriching campus life.<\/p>\n\n\n\n<p>Its activities are based on promoting open dialogue between students and cooperation with the academic community.<\/p>\n<\/div><\/div><\/div>\n<\/div><\/div>\n\n\n\n<div class=\"wp-block-stackable-spacer stk-block-spacer stk--no-padding stk-block stk-248386a\" data-block-id=\"248386a\"><style>.stk-248386a {height:20px !important;}<\/style><\/div>\n\n\n\n<details class=\"wp-block-details is-layout-flow wp-block-details-is-layout-flow\"><summary>See the list of members of parliament and mayors<\/summary>\n<figure class=\"wp-block-table\"><table class=\"has-fixed-layout\"><tbody><tr><td><a href=\"https:\/\/samorzadstudentow.uwr.edu.pl\/wp-content\/uploads\/sites\/507\/2026\/03\/Sklad_Parlamentu.pdf\">Sk\u0142ad Parlamentu Student\u00f3w UWr<\/a><\/td><\/tr><tr><td><a href=\"https:\/\/samorzadstudentow.uwr.edu.pl\/wp-content\/uploads\/sites\/507\/2026\/03\/Przedstawiciele_Senat_i_komisje_senackie-2.pdf\">Przedstawiciele Student\u00f3w w Senacie UWr<\/a><\/td><\/tr><tr><td><a href=\"https:\/\/samorzadstudentow.uwr.edu.pl\/wp-content\/uploads\/sites\/507\/2026\/03\/Organy_Regulaminowe.pdf\">Starostowie wydzia\u0142\u00f3w oraz cz\u0142onkowie WRSS&#8217;\u00f3w<\/a><\/td><\/tr><\/tbody><\/table><\/figure>\n<\/details>\n\n\n\n<hr class=\"wp-block-separator has-alpha-channel-opacity\"\/>\n\n\n\n<h4 class=\"wp-block-heading has-text-align-center\"><strong>Join us to influence the development and shaping of the university environment!<\/strong><\/h4>\n\n\n\n<div class=\"wp-block-stackable-heading stk-block-heading stk-block-heading--v2 stk-block stk-f09c1fe\" id=\"files\" data-block-id=\"f09c1fe\"><style>.stk-f09c1fe {margin-bottom:0px !important;}<\/style><h2 class=\"stk-block-heading__text\">Files:<\/h2><\/div>\n\n\n\n<details class=\"wp-block-details is-layout-flow wp-block-details-is-layout-flow\"><summary>Protocols:<\/summary>\n<figure class=\"wp-block-table\"><table><tbody><tr><td><a href=\"https:\/\/samorzadstudentow.uwr.edu.pl\/wp-content\/uploads\/sites\/507\/2026\/03\/Protokol_parlament_11_06_25.pdf\">Protok\u00f3\u0142_parlament_11_06_25<\/a><\/td><\/tr><tr><td><a href=\"https:\/\/samorzadstudentow.uwr.edu.pl\/wp-content\/uploads\/sites\/507\/2025\/09\/Protokol_parlament_12_03_2025.pdf\">Protok\u00f3\u0142_parlament_12_03_2025<\/a><\/td><\/tr><tr><td><a href=\"https:\/\/samorzadstudentow.uwr.edu.pl\/wp-content\/uploads\/sites\/507\/2026\/03\/Protokol_parlament_12_11_24-.pdf\">Protok\u00f3\u0142_parlament_12_11_24<\/a><\/td><\/tr><tr><td><a href=\"https:\/\/samorzadstudentow.uwr.edu.pl\/wp-content\/uploads\/sites\/507\/2025\/09\/Protokol_parlament_31_10_2024.pdf\">Protok\u00f3\u0142_parlament_31_10_2024<\/a><\/td><\/tr><tr><td><a href=\"https:\/\/samorzadstudentow.uwr.edu.pl\/wp-content\/uploads\/sites\/507\/2025\/09\/Protokol_parlament_10_06_2024.pdf\">Protok\u00f3\u0142_parlament_10_06_2024<\/a><\/td><\/tr><tr><td><a href=\"https:\/\/samorzadstudentow.uwr.edu.pl\/wp-content\/uploads\/sites\/507\/2024\/04\/Protokol-Parlament-1-marca-2024-4-marca-2024-.pdf\">Protok\u00f3\u0142 Parlament 1 marca 2024 &#8211; 4 marca 2024<\/a><\/td><\/tr><tr><td><a href=\"https:\/\/samorzadstudentow.uwr.edu.pl\/wp-content\/uploads\/sites\/507\/2024\/04\/Protokol-Parlament-24-stycznia-2024-25-stycznia-2024-.pdf\">Protok\u00f3\u0142 Parlament 24 stycznia 2024 &#8211; 25 stycznia 2024<\/a><\/td><\/tr><tr><td><a href=\"https:\/\/samorzadstudentow.uwr.edu.pl\/wp-content\/uploads\/sites\/507\/2024\/04\/Protokol-Parlament-25-pazdziernika-2023-.pdf\">Protok\u00f3\u0142 Parlament 25 pa\u017adziernika 2023<\/a><\/td><\/tr><tr><td><a href=\"https:\/\/samorzadstudentow.uwr.edu.pl\/wp-content\/uploads\/sites\/507\/2024\/04\/Protokol-Parlament-10-pazdziernik-2023-.pdf\">Protok\u00f3\u0142 Parlament 10 pa\u017adziernik 2023<\/a><\/td><\/tr><tr><td><a href=\"https:\/\/samorzadstudentow.uwr.edu.pl\/wp-content\/uploads\/sites\/507\/2024\/04\/Protokol-Parlament-23-lutego-2023-.pdf\">Protok\u00f3\u0142 Parlament 23 lutego 2023<\/a><\/td><\/tr><tr><td><a href=\"https:\/\/samorzadstudentow.uwr.edu.pl\/wp-content\/uploads\/sites\/507\/2024\/04\/Protokol-Parlament-24-stycznia-2023.pdf\">Protok\u00f3\u0142 Parlament 24 stycznia 2023<\/a><\/td><\/tr><\/tbody><\/table><\/figure>\n<\/details>\n\n\n\n<details class=\"wp-block-details is-layout-flow wp-block-details-is-layout-flow\"><summary>Resolutions of the Parliament 2024\/2026<\/summary>\n<figure class=\"wp-block-table\"><table class=\"has-fixed-layout\"><tbody><tr><td><a href=\"https:\/\/samorzadstudentow.uwr.edu.pl\/wp-content\/uploads\/sites\/507\/2025\/11\/Uchwala-7-PS.pdf\">Uchwa\u0142a nr 7_2025 Parlament Student\u00f3w<\/a><\/td><\/tr><tr><td><a href=\"https:\/\/samorzadstudentow.uwr.edu.pl\/wp-content\/uploads\/sites\/507\/2025\/11\/Uchwala-6-PS.pdf\">Uchwa\u0142a nr 6_2025 Parlament Student\u00f3w<\/a><\/td><\/tr><tr><td><a href=\"https:\/\/samorzadstudentow.uwr.edu.pl\/wp-content\/uploads\/sites\/507\/2025\/11\/Uchwala-5-PS.pdf\">Uchwa\u0142a nr 5_2025 Parlament Student\u00f3w<\/a><\/td><\/tr><tr><td><a href=\"https:\/\/samorzadstudentow.uwr.edu.pl\/wp-content\/uploads\/sites\/507\/2025\/11\/Uchwala-Parlamentu-4.2025.pdf\">Uchwa\u0142a nr 4_2025 Parlament Student\u00f3w<\/a><\/td><\/tr><tr><td><a href=\"https:\/\/samorzadstudentow.uwr.edu.pl\/wp-content\/uploads\/sites\/507\/2025\/11\/Uchwala-Parlamentu-3.2025.pdf\">Uchwa\u0142a nr 3_2025 Parlament Student\u00f3w<\/a><\/td><\/tr><tr><td><a href=\"https:\/\/samorzadstudentow.uwr.edu.pl\/wp-content\/uploads\/sites\/507\/2025\/05\/Uchwala-nr-2_2025-Parlament-Studentow.pdf\">Uchwa\u0142a nr 2_2025 Parlament Student\u00f3w<\/a><\/td><\/tr><tr><td><a href=\"https:\/\/samorzadstudentow.uwr.edu.pl\/wp-content\/uploads\/sites\/507\/2025\/05\/Uchwala-nr-1_2025-Parlament-Studentow.pdf\">Uchwa\u0142a nr 1_2025 Parlament Student\u00f3w<\/a><\/td><\/tr><tr><td><a href=\"https:\/\/samorzadstudentow.uwr.edu.pl\/wp-content\/uploads\/sites\/507\/2025\/05\/uchwala-parlamentu-16-2024-ws-powolania-przedstawiciela-do-uniwersyteckiej-komisji-ds-jakosci-ksztalcenia.pdf\">uchwala parlamentu 16 2024 ws powolania przedstawiciela do uniwersyteckiej komisji ds jakosci ksztalcenia<\/a><\/td><\/tr><tr><td><a href=\"https:\/\/samorzadstudentow.uwr.edu.pl\/wp-content\/uploads\/sites\/507\/2025\/05\/uchwala-parlamentu-15-2024-ws-uniwersyteckiej-odwolawczej-komisji-dyscyplinarnej-dla-studentow.pdf\">uchwala parlamentu 15 2024 ws uniwersyteckiej odwolawczej komisji dyscyplinarnej dla studentow<\/a><\/td><\/tr><tr><td><a href=\"https:\/\/samorzadstudentow.uwr.edu.pl\/wp-content\/uploads\/sites\/507\/2025\/05\/uchwala-parlamentu-14-2024-ws-uniwersyteckiej-komisji-dyscyplinarnej-dla-studentow.pdf\">uchwala parlamentu 14 2024 ws uniwersyteckiej komisji dyscyplinarnej dla studentow<\/a><\/td><\/tr><tr><td><a href=\"https:\/\/samorzadstudentow.uwr.edu.pl\/wp-content\/uploads\/sites\/507\/2025\/05\/uchwala-parlamentu-13-2024-ws-uniwersyteckiej-komisji-dyscyplinarnej-dla-nauczycieli-akademickich.pdf\">uchwala parlamentu 13 2024 ws uniwersyteckiej komisji dyscyplinarnej dla nauczycieli akademickich<\/a><\/td><\/tr><tr><td><a href=\"https:\/\/samorzadstudentow.uwr.edu.pl\/wp-content\/uploads\/sites\/507\/2025\/05\/uchwala-parlamentu-12-2024-ws-powolania-do-komisji-senackich.pdf\">uchwala parlamentu 12 2024 ws powolania do komisji senackich<\/a><\/td><\/tr><tr><td><a href=\"https:\/\/samorzadstudentow.uwr.edu.pl\/wp-content\/uploads\/sites\/507\/2025\/05\/uchwala-parlamentu-11-2024-ws-powolania-przedstawicieli-do-senatu.pdf\">uchwala parlamentu 11 2024 ws powolania przedstawicieli do senatu<\/a><\/td><\/tr><tr><td><a href=\"https:\/\/samorzadstudentow.uwr.edu.pl\/wp-content\/uploads\/sites\/507\/2025\/05\/uchwala-parlamentu-10-2024-ws-wyboru-przewodniczacej-komisji-ds-prawno-finansowych.pdf\">uchwala parlamentu 10 2024 ws wyboru przewodniczacej komisji ds prawno-finansowych<\/a><\/td><\/tr><tr><td><a href=\"https:\/\/samorzadstudentow.uwr.edu.pl\/wp-content\/uploads\/sites\/507\/2025\/05\/uchwala-parlamentu-9-2024-ws-wyboru-pzrewodniczacej-komisji-ds-dydaktycznych.pdf\">uchwala parlamentu 9 2024 ws wyboru przewodniczacej komisji ds dydaktycznych<\/a><\/td><\/tr><tr><td><a href=\"https:\/\/samorzadstudentow.uwr.edu.pl\/wp-content\/uploads\/sites\/507\/2025\/05\/uchwala-parlamentu-8-2024-ws-wyboru-przewodniczacej-komisji-ds-socjalnych.pdf\">uchwala parlamentu 8 2024 ws wyboru przewodniczacej komisji ds socjalnych<\/a><\/td><\/tr><tr><td><a href=\"https:\/\/samorzadstudentow.uwr.edu.pl\/wp-content\/uploads\/sites\/507\/2025\/05\/uchwala-parlamentu-7-2024-ws-wyboru-wiceprzewodniczacego.pdf\">uchwala parlamentu 7 2024 ws wyboru wiceprzewodniczacego<\/a><\/td><\/tr><tr><td><a href=\"https:\/\/samorzadstudentow.uwr.edu.pl\/wp-content\/uploads\/sites\/507\/2025\/05\/Uchwala-nr-6_2024-ws-wyboru-przewodniczacego.pdf\">Uchwala nr 6_2024 ws wyboru przewodniczacego<\/a><\/td><\/tr><\/tbody><\/table><\/figure>\n<\/details>\n\n\n\n<div class=\"wp-block-ugb-spacer ugb-spacer ugb-85b8922 ugb-spacer--v2 ugb-main-block\"><div class=\"ugb-inner-block\"><div class=\"ugb-block-content\"><div class=\"ugb-spacer--inner\"><\/div><\/div><\/div><\/div>\n","protected":false},"excerpt":{"rendered":"<p>STUDENT PARLIAMENT The Student Parliament of the University of Wroc\u0142aw is the main student representative body. Our role includes representing student interests in contacts with university authorities and external institutions. It also supports student organizations and academic initiatives, providing essential assistance and promoting their activities within the academic community. It initiates social, educational, and cultural [&hellip;]<\/p>\n","protected":false},"author":9447,"featured_media":0,"parent":0,"menu_order":0,"comment_status":"closed","ping_status":"closed","template":"","meta":{"_acf_changed":false,"inline_featured_image":false,"site-sidebar-layout":"default","site-content-layout":"","ast-site-content-layout":"default","site-content-style":"default","site-sidebar-style":"default","ast-global-header-display":"","ast-banner-title-visibility":"","ast-main-header-display":"","ast-hfb-above-header-display":"","ast-hfb-below-header-display":"","ast-hfb-mobile-header-display":"","site-post-title":"disabled","ast-breadcrumbs-content":"","ast-featured-img":"","footer-sml-layout":"","ast-disable-related-posts":"","theme-transparent-header-meta":"","adv-header-id-meta":"","stick-header-meta":"","header-above-stick-meta":"","header-main-stick-meta":"","header-below-stick-meta":"","astra-migrate-meta-layouts":"set","ast-page-background-enabled":"default","ast-page-background-meta":{"desktop":{"background-color":"","background-image":"","background-repeat":"repeat","background-position":"center center","background-size":"auto","background-attachment":"scroll","background-type":"","background-media":"","overlay-type":"","overlay-color":"","overlay-opacity":"","overlay-gradient":""},"tablet":{"background-color":"","background-image":"","background-repeat":"repeat","background-position":"center center","background-size":"auto","background-attachment":"scroll","background-type":"","background-media":"","overlay-type":"","overlay-color":"","overlay-opacity":"","overlay-gradient":""},"mobile":{"background-color":"","background-image":"","background-repeat":"repeat","background-position":"center center","background-size":"auto","background-attachment":"scroll","background-type":"","background-media":"","overlay-type":"","overlay-color":"","overlay-opacity":"","overlay-gradient":""}},"ast-content-background-meta":{"desktop":{"background-color":"var(--ast-global-color-5)","background-image":"","background-repeat":"repeat","background-position":"center center","background-size":"auto","background-attachment":"scroll","background-type":"","background-media":"","overlay-type":"","overlay-color":"","overlay-opacity":"","overlay-gradient":""},"tablet":{"background-color":"var(--ast-global-color-5)","background-image":"","background-repeat":"repeat","background-position":"center center","background-size":"auto","background-attachment":"scroll","background-type":"","background-media":"","overlay-type":"","overlay-color":"","overlay-opacity":"","overlay-gradient":""},"mobile":{"background-color":"var(--ast-global-color-5)","background-image":"","background-repeat":"repeat","background-position":"center center","background-size":"auto","background-attachment":"scroll","background-type":"","background-media":"","overlay-type":"","overlay-color":"","overlay-opacity":"","overlay-gradient":""}},"footnotes":""},"categories":[],"tags":[],"class_list":["post-29206","page","type-page","status-publish","hentry"],"featured_image_urls_v2":{"full":"","thumbnail":"","medium":"","medium_large":"","large":"","1536x1536":"","2048x2048":"","menu-24x24":"","menu-36x36":"","menu-48x48":""},"post_excerpt_stackable_v2":"<p>STUDENT PARLIAMENT The Student Parliament of the University of Wroc\u0142aw is the main student representative body. Our role includes representing student interests in contacts with university authorities and external institutions. It also supports student organizations and academic initiatives, providing essential assistance and promoting their activities within the academic community. It initiates social, educational, and cultural projects aimed at enriching campus life. Its activities are based on promoting open dialogue between students and cooperation with the academic community. See the list of members of parliament and mayors Sk\u0142ad Parlamentu Student\u00f3w UWrPrzedstawiciele Student\u00f3w w Senacie UWrStarostowie wydzia\u0142\u00f3w oraz cz\u0142onkowie WRSS&#8217;\u00f3w Join us&hellip;<\/p>\n","category_list_v2":"Uncategorized","author_info_v2":{"name":"s344790","url":"https:\/\/samorzadstudentow.uwr.edu.pl\/en\/author\/s344790\/"},"comments_num_v2":"0 comments","acf":[],"yoast_head":"<!-- This site is optimized with the Yoast SEO plugin v27.1.1 - https:\/\/yoast.com\/product\/yoast-seo-wordpress\/ -->\n<title>Student Parliament - Student Government of the University of Wroclaw<\/title>\n<meta name=\"robots\" content=\"index, follow, max-snippet:-1, max-image-preview:large, max-video-preview:-1\" \/>\n<link rel=\"canonical\" href=\"https:\/\/samorzadstudentow.uwr.edu.pl\/en\/student-parliament\/\" \/>\n<meta property=\"og:locale\" content=\"en_US\" \/>\n<meta property=\"og:type\" content=\"article\" \/>\n<meta property=\"og:title\" content=\"Student Parliament - Student Government of the University of Wroclaw\" \/>\n<meta property=\"og:description\" content=\"STUDENT PARLIAMENT The Student Parliament of the University of Wroc\u0142aw is the main student representative body. Our role includes representing student interests in contacts with university authorities and external institutions. It also supports student organizations and academic initiatives, providing essential assistance and promoting their activities within the academic community. It initiates social, educational, and cultural [&hellip;]\" \/>\n<meta property=\"og:url\" content=\"https:\/\/samorzadstudentow.uwr.edu.pl\/en\/student-parliament\/\" \/>\n<meta property=\"og:site_name\" content=\"Student Government of the University of Wroclaw\" \/>\n<meta property=\"article:modified_time\" content=\"2026-03-16T18:42:13+00:00\" \/>\n<meta name=\"twitter:card\" content=\"summary_large_image\" \/>\n<meta name=\"twitter:label1\" content=\"Est. reading time\" \/>\n\t<meta name=\"twitter:data1\" content=\"2 minutes\" \/>\n<script type=\"application\/ld+json\" class=\"yoast-schema-graph\">{\"@context\":\"https:\/\/schema.org\",\"@graph\":[{\"@type\":\"WebPage\",\"@id\":\"https:\/\/samorzadstudentow.uwr.edu.pl\/en\/student-parliament\/\",\"url\":\"https:\/\/samorzadstudentow.uwr.edu.pl\/en\/student-parliament\/\",\"name\":\"Student Parliament - Student Government of the University of Wroclaw\",\"isPartOf\":{\"@id\":\"https:\/\/samorzadstudentow.uwr.edu.pl\/#website\"},\"datePublished\":\"2025-12-23T14:08:04+00:00\",\"dateModified\":\"2026-03-16T18:42:13+00:00\",\"breadcrumb\":{\"@id\":\"https:\/\/samorzadstudentow.uwr.edu.pl\/en\/student-parliament\/#breadcrumb\"},\"inLanguage\":\"en-US\",\"potentialAction\":[{\"@type\":\"ReadAction\",\"target\":[\"https:\/\/samorzadstudentow.uwr.edu.pl\/en\/student-parliament\/\"]}]},{\"@type\":\"BreadcrumbList\",\"@id\":\"https:\/\/samorzadstudentow.uwr.edu.pl\/en\/student-parliament\/#breadcrumb\",\"itemListElement\":[{\"@type\":\"ListItem\",\"position\":1,\"name\":\"Strona g\u0142\u00f3wna\",\"item\":\"https:\/\/samorzadstudentow.uwr.edu.pl\/en\/strona-glowna2-2\/\"},{\"@type\":\"ListItem\",\"position\":2,\"name\":\"Student Parliament\"}]},{\"@type\":\"WebSite\",\"@id\":\"https:\/\/samorzadstudentow.uwr.edu.pl\/#website\",\"url\":\"https:\/\/samorzadstudentow.uwr.edu.pl\/\",\"name\":\"Student Government of the University of Wroclaw\",\"description\":\"website created by students UWr for students UWr\",\"publisher\":{\"@id\":\"https:\/\/samorzadstudentow.uwr.edu.pl\/#organization\"},\"potentialAction\":[{\"@type\":\"SearchAction\",\"target\":{\"@type\":\"EntryPoint\",\"urlTemplate\":\"https:\/\/samorzadstudentow.uwr.edu.pl\/?s={search_term_string}\"},\"query-input\":{\"@type\":\"PropertyValueSpecification\",\"valueRequired\":true,\"valueName\":\"search_term_string\"}}],\"inLanguage\":\"en-US\"},{\"@type\":\"Organization\",\"@id\":\"https:\/\/samorzadstudentow.uwr.edu.pl\/#organization\",\"name\":\"Student Government of the University of Wroclaw\",\"url\":\"https:\/\/samorzadstudentow.uwr.edu.pl\/\",\"logo\":{\"@type\":\"ImageObject\",\"inLanguage\":\"en-US\",\"@id\":\"https:\/\/samorzadstudentow.uwr.edu.pl\/#\/schema\/logo\/image\/\",\"url\":\"https:\/\/samorzadstudentow.uwr.edu.pl\/wp-content\/uploads\/sites\/507\/2025\/10\/UWr-logotyp-2025.png\",\"contentUrl\":\"https:\/\/samorzadstudentow.uwr.edu.pl\/wp-content\/uploads\/sites\/507\/2025\/10\/UWr-logotyp-2025.png\",\"width\":764,\"height\":269,\"caption\":\"Student Government of the University of Wroclaw\"},\"image\":{\"@id\":\"https:\/\/samorzadstudentow.uwr.edu.pl\/#\/schema\/logo\/image\/\"}}]}<\/script>\n<!-- \/ Yoast SEO plugin. -->","yoast_head_json":{"title":"Student Parliament - Student Government of the University of Wroclaw","robots":{"index":"index","follow":"follow","max-snippet":"max-snippet:-1","max-image-preview":"max-image-preview:large","max-video-preview":"max-video-preview:-1"},"canonical":"https:\/\/samorzadstudentow.uwr.edu.pl\/en\/student-parliament\/","og_locale":"en_US","og_type":"article","og_title":"Student Parliament - Student Government of the University of Wroclaw","og_description":"STUDENT PARLIAMENT The Student Parliament of the University of Wroc\u0142aw is the main student representative body. Our role includes representing student interests in contacts with university authorities and external institutions. It also supports student organizations and academic initiatives, providing essential assistance and promoting their activities within the academic community. It initiates social, educational, and cultural [&hellip;]","og_url":"https:\/\/samorzadstudentow.uwr.edu.pl\/en\/student-parliament\/","og_site_name":"Student Government of the University of Wroclaw","article_modified_time":"2026-03-16T18:42:13+00:00","twitter_card":"summary_large_image","twitter_misc":{"Est. reading time":"2 minutes"},"schema":{"@context":"https:\/\/schema.org","@graph":[{"@type":"WebPage","@id":"https:\/\/samorzadstudentow.uwr.edu.pl\/en\/student-parliament\/","url":"https:\/\/samorzadstudentow.uwr.edu.pl\/en\/student-parliament\/","name":"Student Parliament - Student Government of the University of Wroclaw","isPartOf":{"@id":"https:\/\/samorzadstudentow.uwr.edu.pl\/#website"},"datePublished":"2025-12-23T14:08:04+00:00","dateModified":"2026-03-16T18:42:13+00:00","breadcrumb":{"@id":"https:\/\/samorzadstudentow.uwr.edu.pl\/en\/student-parliament\/#breadcrumb"},"inLanguage":"en-US","potentialAction":[{"@type":"ReadAction","target":["https:\/\/samorzadstudentow.uwr.edu.pl\/en\/student-parliament\/"]}]},{"@type":"BreadcrumbList","@id":"https:\/\/samorzadstudentow.uwr.edu.pl\/en\/student-parliament\/#breadcrumb","itemListElement":[{"@type":"ListItem","position":1,"name":"Strona g\u0142\u00f3wna","item":"https:\/\/samorzadstudentow.uwr.edu.pl\/en\/strona-glowna2-2\/"},{"@type":"ListItem","position":2,"name":"Student Parliament"}]},{"@type":"WebSite","@id":"https:\/\/samorzadstudentow.uwr.edu.pl\/#website","url":"https:\/\/samorzadstudentow.uwr.edu.pl\/","name":"Student Government of the University of Wroclaw","description":"website created by students UWr for students UWr","publisher":{"@id":"https:\/\/samorzadstudentow.uwr.edu.pl\/#organization"},"potentialAction":[{"@type":"SearchAction","target":{"@type":"EntryPoint","urlTemplate":"https:\/\/samorzadstudentow.uwr.edu.pl\/?s={search_term_string}"},"query-input":{"@type":"PropertyValueSpecification","valueRequired":true,"valueName":"search_term_string"}}],"inLanguage":"en-US"},{"@type":"Organization","@id":"https:\/\/samorzadstudentow.uwr.edu.pl\/#organization","name":"Student Government of the University of Wroclaw","url":"https:\/\/samorzadstudentow.uwr.edu.pl\/","logo":{"@type":"ImageObject","inLanguage":"en-US","@id":"https:\/\/samorzadstudentow.uwr.edu.pl\/#\/schema\/logo\/image\/","url":"https:\/\/samorzadstudentow.uwr.edu.pl\/wp-content\/uploads\/sites\/507\/2025\/10\/UWr-logotyp-2025.png","contentUrl":"https:\/\/samorzadstudentow.uwr.edu.pl\/wp-content\/uploads\/sites\/507\/2025\/10\/UWr-logotyp-2025.png","width":764,"height":269,"caption":"Student Government of the University of Wroclaw"},"image":{"@id":"https:\/\/samorzadstudentow.uwr.edu.pl\/#\/schema\/logo\/image\/"}}]}},"publishpress_future_action":{"enabled":false,"date":"2026-05-20 03:54:11","action":"change-status","newStatus":"draft","terms":[],"taxonomy":"category","extraData":[]},"publishpress_future_workflow_manual_trigger":{"enabledWorkflows":[]},"_links":{"self":[{"href":"https:\/\/samorzadstudentow.uwr.edu.pl\/en\/wp-json\/wp\/v2\/pages\/29206\/"}],"collection":[{"href":"https:\/\/samorzadstudentow.uwr.edu.pl\/en\/wp-json\/wp\/v2\/pages\/"}],"about":[{"href":"https:\/\/samorzadstudentow.uwr.edu.pl\/en\/wp-json\/wp\/v2\/types\/page\/"}],"author":[{"embeddable":true,"href":"https:\/\/samorzadstudentow.uwr.edu.pl\/en\/wp-json\/wp\/v2\/users\/9447\/"}],"replies":[{"embeddable":true,"href":"https:\/\/samorzadstudentow.uwr.edu.pl\/en\/wp-json\/wp\/v2\/comments\/?post=29206"}],"version-history":[{"count":5,"href":"https:\/\/samorzadstudentow.uwr.edu.pl\/en\/wp-json\/wp\/v2\/pages\/29206\/revisions\/"}],"predecessor-version":[{"id":29956,"href":"https:\/\/samorzadstudentow.uwr.edu.pl\/en\/wp-json\/wp\/v2\/pages\/29206\/revisions\/29956\/"}],"wp:attachment":[{"href":"https:\/\/samorzadstudentow.uwr.edu.pl\/en\/wp-json\/wp\/v2\/media\/?parent=29206"}],"wp:term":[{"taxonomy":"category","embeddable":true,"href":"https:\/\/samorzadstudentow.uwr.edu.pl\/en\/wp-json\/wp\/v2\/categories\/?post=29206"},{"taxonomy":"post_tag","embeddable":true,"href":"https:\/\/samorzadstudentow.uwr.edu.pl\/en\/wp-json\/wp\/v2\/tags\/?post=29206"}],"curies":[{"name":"wp","href":"https:\/\/api.w.org\/{rel}","templated":true}]}}