{"id":29371,"date":"2025-12-23T16:22:17","date_gmt":"2025-12-23T15:22:17","guid":{"rendered":"https:\/\/samorzadstudentow.uwr.edu.pl\/?page_id=29371"},"modified":"2025-12-23T22:52:24","modified_gmt":"2025-12-23T21:52:24","slug":"funip","status":"publish","type":"page","link":"https:\/\/samorzadstudentow.uwr.edu.pl\/en\/funip\/","title":{"rendered":"FUNIP"},"content":{"rendered":"\n<div class=\"wp-block-stackable-spacer stk-block-spacer stk--no-padding stk-block stk-131dc8e\" data-block-id=\"131dc8e\"><style>.stk-131dc8e {height:25px !important;}<\/style><\/div>\n\n\n\n<h1 class=\"wp-block-heading has-text-align-center\"><strong>FUNIP<\/strong><\/h1>\n\n\n\n<h3 class=\"wp-block-heading\">The Polish Universities Forum is an autonomous agreement of student governments of universities associated with the Conference of Rectors of Polish Universities, which also serves as a sectoral committee of the Students&#8217; Parliament of Poland.<\/h3>\n\n\n\n<div class=\"wp-block-stackable-spacer stk-block-spacer stk--no-padding stk-block stk-597b7e4\" data-block-id=\"597b7e4\"><style>.stk-597b7e4 {height:30px !important;}<\/style><\/div>\n\n\n\n<h3 class=\"wp-block-heading\">Student governments of the following universities participate in the Polish Universities Forum:<\/h3>\n\n\n\n<ul class=\"wp-block-list\">\n<li>University of Wroc\u0142aw<\/li>\n\n\n\n<li>University of Warsaw<\/li>\n\n\n\n<li>John Paul II Catholic University of Lublin<\/li>\n\n\n\n<li>University of Adam Mickiewicz in Pozna\u0144<\/li>\n\n\n\n<li>University of Gda\u0144sk<\/li>\n\n\n\n<li>Jagiellonian University in Krak\u00f3w<\/li>\n\n\n\n<li>Jan Kochanowski University in Kielce<\/li>\n\n\n\n<li>Cardinal Stefan Wyszy\u0144ski University in Warsaw<\/li>\n\n\n\n<li>Casimir the Great University in Bydgoszcz<\/li>\n\n\n\n<li>University of \u0141\u00f3d\u017a<\/li>\n\n\n\n<li>Maria Curie-Sk\u0142odowska University in Lublin<\/li>\n\n\n\n<li>Nicolaus Copernicus University in Toru\u0144<\/li>\n\n\n\n<li>University of Opole<\/li>\n\n\n\n<li>Pontifical University of John Paul II in Krak\u00f3w<\/li>\n\n\n\n<li>University of Rzesz\u00f3w<\/li>\n\n\n\n<li>University of Szczecin<\/li>\n\n\n\n<li>University of Silesia in Katowice<\/li>\n\n\n\n<li>University of Bia\u0142ystok<\/li>\n\n\n\n<li>University of Zielona G\u00f3ra<\/li>\n<\/ul>\n\n\n\n<div class=\"wp-block-stackable-spacer stk-block-spacer stk--no-padding stk-block stk-f650063\" data-block-id=\"f650063\"><style>.stk-f650063 {height:20px !important;}<\/style><\/div>\n\n\n\n<h3 class=\"wp-block-heading\">The Forum&#8217;s mission is to represent the interests of students at Polish universities and ensure their rights are respected. The Agreement supports student governments, fosters cooperation between them, and engages in activities aimed at the development of higher education. Promoting academic ethos, strengthening the quality of education, and initiatives that increase student mobility are also important elements of its activities.<\/h3>\n\n\n\n<div class=\"wp-block-stackable-spacer stk-block-spacer stk--no-padding stk-block stk-65f276a\" data-block-id=\"65f276a\"><style>.stk-65f276a {height:20px !important;}<\/style><\/div>\n\n\n\n<h3 class=\"wp-block-heading\">The forum serves as a place for dialogue, exchange of experiences and building common solutions by representatives of student governments from all over Poland.<\/h3>\n\n\n\n<div class=\"wp-block-stackable-spacer stk-block-spacer stk--no-padding stk-block stk-e9e38a5\" data-block-id=\"e9e38a5\"><style>.stk-e9e38a5 {height:20px !important;}<\/style><\/div>\n\n\n\n<h2 class=\"wp-block-heading has-text-align-center\"><strong>WEBSITE<\/strong><\/h2>\n\n\n\n<div class=\"wp-block-stackable-spacer stk-block-spacer stk--no-padding stk-block stk-0e4fa3e\" data-block-id=\"0e4fa3e\"><style>.stk-0e4fa3e {height:15px !important;}<\/style><\/div>\n\n\n\n<div class=\"wp-block-stackable-heading stk-block-heading stk-block-heading--v2 stk-block stk-d27e2e8\" id=\"a-href-https-funip-org-pl-strong-funip-org-pl-strong-a\" data-block-id=\"d27e2e8\"><h2 class=\"stk-block-heading__text has-text-align-center\"><a href=\"https:\/\/funip.org.pl\/\"><strong>funip.org.pl<\/strong><\/a><\/h2><\/div>\n\n\n\n<div class=\"wp-block-ugb-spacer ugb-spacer ugb-1535ae0 ugb-spacer--v2 ugb-main-block\"><div class=\"ugb-inner-block\"><div class=\"ugb-block-content\"><div class=\"ugb-spacer--inner\"><\/div><\/div><\/div><\/div>\n","protected":false},"excerpt":{"rendered":"<p>FUNIP The Polish Universities Forum is an autonomous agreement of student governments of universities associated with the Conference of Rectors of Polish Universities, which also serves as a sectoral committee of the Students&#8217; Parliament of Poland. Student governments of the following universities participate in the Polish Universities Forum: The Forum&#8217;s mission is to represent the [&hellip;]<\/p>\n","protected":false},"author":9447,"featured_media":0,"parent":0,"menu_order":0,"comment_status":"closed","ping_status":"closed","template":"","meta":{"_acf_changed":false,"inline_featured_image":false,"site-sidebar-layout":"default","site-content-layout":"","ast-site-content-layout":"default","site-content-style":"default","site-sidebar-style":"default","ast-global-header-display":"","ast-banner-title-visibility":"","ast-main-header-display":"","ast-hfb-above-header-display":"","ast-hfb-below-header-display":"","ast-hfb-mobile-header-display":"","site-post-title":"disabled","ast-breadcrumbs-content":"","ast-featured-img":"","footer-sml-layout":"","ast-disable-related-posts":"","theme-transparent-header-meta":"","adv-header-id-meta":"","stick-header-meta":"","header-above-stick-meta":"","header-main-stick-meta":"","header-below-stick-meta":"","astra-migrate-meta-layouts":"set","ast-page-background-enabled":"default","ast-page-background-meta":{"desktop":{"background-color":"","background-image":"","background-repeat":"repeat","background-position":"center center","background-size":"auto","background-attachment":"scroll","background-type":"","background-media":"","overlay-type":"","overlay-color":"","overlay-opacity":"","overlay-gradient":""},"tablet":{"background-color":"","background-image":"","background-repeat":"repeat","background-position":"center center","background-size":"auto","background-attachment":"scroll","background-type":"","background-media":"","overlay-type":"","overlay-color":"","overlay-opacity":"","overlay-gradient":""},"mobile":{"background-color":"","background-image":"","background-repeat":"repeat","background-position":"center center","background-size":"auto","background-attachment":"scroll","background-type":"","background-media":"","overlay-type":"","overlay-color":"","overlay-opacity":"","overlay-gradient":""}},"ast-content-background-meta":{"desktop":{"background-color":"var(--ast-global-color-5)","background-image":"","background-repeat":"repeat","background-position":"center center","background-size":"auto","background-attachment":"scroll","background-type":"","background-media":"","overlay-type":"","overlay-color":"","overlay-opacity":"","overlay-gradient":""},"tablet":{"background-color":"var(--ast-global-color-5)","background-image":"","background-repeat":"repeat","background-position":"center center","background-size":"auto","background-attachment":"scroll","background-type":"","background-media":"","overlay-type":"","overlay-color":"","overlay-opacity":"","overlay-gradient":""},"mobile":{"background-color":"var(--ast-global-color-5)","background-image":"","background-repeat":"repeat","background-position":"center center","background-size":"auto","background-attachment":"scroll","background-type":"","background-media":"","overlay-type":"","overlay-color":"","overlay-opacity":"","overlay-gradient":""}},"footnotes":""},"categories":[],"tags":[],"class_list":["post-29371","page","type-page","status-publish","hentry"],"featured_image_urls_v2":{"full":"","thumbnail":"","medium":"","medium_large":"","large":"","1536x1536":"","2048x2048":"","menu-24x24":"","menu-36x36":"","menu-48x48":""},"post_excerpt_stackable_v2":"<p>FUNIP The Polish Universities Forum is an autonomous agreement of student governments of universities associated with the Conference of Rectors of Polish Universities, which also serves as a sectoral committee of the Students&#8217; Parliament of Poland. Student governments of the following universities participate in the Polish Universities Forum: University of Wroc\u0142aw University of Warsaw John Paul II Catholic University of Lublin University of Adam Mickiewicz in Pozna\u0144 University of Gda\u0144sk Jagiellonian University in Krak\u00f3w Jan Kochanowski University in Kielce Cardinal Stefan Wyszy\u0144ski University in Warsaw Casimir the Great University in Bydgoszcz University of \u0141\u00f3d\u017a Maria Curie-Sk\u0142odowska University in Lublin Nicolaus&hellip;<\/p>\n","category_list_v2":"Uncategorized","author_info_v2":{"name":"s344790","url":"https:\/\/samorzadstudentow.uwr.edu.pl\/en\/author\/s344790\/"},"comments_num_v2":"0 comments","acf":[],"yoast_head":"<!-- This site is optimized with the Yoast SEO plugin v27.1.1 - https:\/\/yoast.com\/product\/yoast-seo-wordpress\/ -->\n<title>FUNIP - Student Government of the University of Wroclaw<\/title>\n<meta name=\"robots\" content=\"index, follow, max-snippet:-1, max-image-preview:large, max-video-preview:-1\" \/>\n<link rel=\"canonical\" href=\"https:\/\/samorzadstudentow.uwr.edu.pl\/en\/funip\/\" \/>\n<meta property=\"og:locale\" content=\"en_US\" \/>\n<meta property=\"og:type\" content=\"article\" \/>\n<meta property=\"og:title\" content=\"FUNIP - Student Government of the University of Wroclaw\" \/>\n<meta property=\"og:description\" content=\"FUNIP The Polish Universities Forum is an autonomous agreement of student governments of universities associated with the Conference of Rectors of Polish Universities, which also serves as a sectoral committee of the Students&#8217; Parliament of Poland. Student governments of the following universities participate in the Polish Universities Forum: The Forum&#8217;s mission is to represent the [&hellip;]\" \/>\n<meta property=\"og:url\" content=\"https:\/\/samorzadstudentow.uwr.edu.pl\/en\/funip\/\" \/>\n<meta property=\"og:site_name\" content=\"Student Government of the University of Wroclaw\" \/>\n<meta property=\"article:modified_time\" content=\"2025-12-23T21:52:24+00:00\" \/>\n<meta name=\"twitter:card\" content=\"summary_large_image\" \/>\n<meta name=\"twitter:label1\" content=\"Est. reading time\" \/>\n\t<meta name=\"twitter:data1\" content=\"2 minutes\" \/>\n<script type=\"application\/ld+json\" class=\"yoast-schema-graph\">{\"@context\":\"https:\/\/schema.org\",\"@graph\":[{\"@type\":\"WebPage\",\"@id\":\"https:\/\/samorzadstudentow.uwr.edu.pl\/en\/funip\/\",\"url\":\"https:\/\/samorzadstudentow.uwr.edu.pl\/en\/funip\/\",\"name\":\"FUNIP - Student Government of the University of Wroclaw\",\"isPartOf\":{\"@id\":\"https:\/\/samorzadstudentow.uwr.edu.pl\/#website\"},\"datePublished\":\"2025-12-23T15:22:17+00:00\",\"dateModified\":\"2025-12-23T21:52:24+00:00\",\"breadcrumb\":{\"@id\":\"https:\/\/samorzadstudentow.uwr.edu.pl\/en\/funip\/#breadcrumb\"},\"inLanguage\":\"en-US\",\"potentialAction\":[{\"@type\":\"ReadAction\",\"target\":[\"https:\/\/samorzadstudentow.uwr.edu.pl\/en\/funip\/\"]}]},{\"@type\":\"BreadcrumbList\",\"@id\":\"https:\/\/samorzadstudentow.uwr.edu.pl\/en\/funip\/#breadcrumb\",\"itemListElement\":[{\"@type\":\"ListItem\",\"position\":1,\"name\":\"Strona g\u0142\u00f3wna\",\"item\":\"https:\/\/samorzadstudentow.uwr.edu.pl\/en\/strona-glowna2-2\/\"},{\"@type\":\"ListItem\",\"position\":2,\"name\":\"FUNIP\"}]},{\"@type\":\"WebSite\",\"@id\":\"https:\/\/samorzadstudentow.uwr.edu.pl\/#website\",\"url\":\"https:\/\/samorzadstudentow.uwr.edu.pl\/\",\"name\":\"Student Government of the University of Wroclaw\",\"description\":\"website created by students UWr for students UWr\",\"publisher\":{\"@id\":\"https:\/\/samorzadstudentow.uwr.edu.pl\/#organization\"},\"potentialAction\":[{\"@type\":\"SearchAction\",\"target\":{\"@type\":\"EntryPoint\",\"urlTemplate\":\"https:\/\/samorzadstudentow.uwr.edu.pl\/?s={search_term_string}\"},\"query-input\":{\"@type\":\"PropertyValueSpecification\",\"valueRequired\":true,\"valueName\":\"search_term_string\"}}],\"inLanguage\":\"en-US\"},{\"@type\":\"Organization\",\"@id\":\"https:\/\/samorzadstudentow.uwr.edu.pl\/#organization\",\"name\":\"Student Government of the University of Wroclaw\",\"url\":\"https:\/\/samorzadstudentow.uwr.edu.pl\/\",\"logo\":{\"@type\":\"ImageObject\",\"inLanguage\":\"en-US\",\"@id\":\"https:\/\/samorzadstudentow.uwr.edu.pl\/#\/schema\/logo\/image\/\",\"url\":\"https:\/\/samorzadstudentow.uwr.edu.pl\/wp-content\/uploads\/sites\/507\/2025\/10\/UWr-logotyp-2025.png\",\"contentUrl\":\"https:\/\/samorzadstudentow.uwr.edu.pl\/wp-content\/uploads\/sites\/507\/2025\/10\/UWr-logotyp-2025.png\",\"width\":764,\"height\":269,\"caption\":\"Student Government of the University of Wroclaw\"},\"image\":{\"@id\":\"https:\/\/samorzadstudentow.uwr.edu.pl\/#\/schema\/logo\/image\/\"}}]}<\/script>\n<!-- \/ Yoast SEO plugin. -->","yoast_head_json":{"title":"FUNIP - Student Government of the University of Wroclaw","robots":{"index":"index","follow":"follow","max-snippet":"max-snippet:-1","max-image-preview":"max-image-preview:large","max-video-preview":"max-video-preview:-1"},"canonical":"https:\/\/samorzadstudentow.uwr.edu.pl\/en\/funip\/","og_locale":"en_US","og_type":"article","og_title":"FUNIP - Student Government of the University of Wroclaw","og_description":"FUNIP The Polish Universities Forum is an autonomous agreement of student governments of universities associated with the Conference of Rectors of Polish Universities, which also serves as a sectoral committee of the Students&#8217; Parliament of Poland. Student governments of the following universities participate in the Polish Universities Forum: The Forum&#8217;s mission is to represent the [&hellip;]","og_url":"https:\/\/samorzadstudentow.uwr.edu.pl\/en\/funip\/","og_site_name":"Student Government of the University of Wroclaw","article_modified_time":"2025-12-23T21:52:24+00:00","twitter_card":"summary_large_image","twitter_misc":{"Est. reading time":"2 minutes"},"schema":{"@context":"https:\/\/schema.org","@graph":[{"@type":"WebPage","@id":"https:\/\/samorzadstudentow.uwr.edu.pl\/en\/funip\/","url":"https:\/\/samorzadstudentow.uwr.edu.pl\/en\/funip\/","name":"FUNIP - Student Government of the University of Wroclaw","isPartOf":{"@id":"https:\/\/samorzadstudentow.uwr.edu.pl\/#website"},"datePublished":"2025-12-23T15:22:17+00:00","dateModified":"2025-12-23T21:52:24+00:00","breadcrumb":{"@id":"https:\/\/samorzadstudentow.uwr.edu.pl\/en\/funip\/#breadcrumb"},"inLanguage":"en-US","potentialAction":[{"@type":"ReadAction","target":["https:\/\/samorzadstudentow.uwr.edu.pl\/en\/funip\/"]}]},{"@type":"BreadcrumbList","@id":"https:\/\/samorzadstudentow.uwr.edu.pl\/en\/funip\/#breadcrumb","itemListElement":[{"@type":"ListItem","position":1,"name":"Strona g\u0142\u00f3wna","item":"https:\/\/samorzadstudentow.uwr.edu.pl\/en\/strona-glowna2-2\/"},{"@type":"ListItem","position":2,"name":"FUNIP"}]},{"@type":"WebSite","@id":"https:\/\/samorzadstudentow.uwr.edu.pl\/#website","url":"https:\/\/samorzadstudentow.uwr.edu.pl\/","name":"Student Government of the University of Wroclaw","description":"website created by students UWr for students UWr","publisher":{"@id":"https:\/\/samorzadstudentow.uwr.edu.pl\/#organization"},"potentialAction":[{"@type":"SearchAction","target":{"@type":"EntryPoint","urlTemplate":"https:\/\/samorzadstudentow.uwr.edu.pl\/?s={search_term_string}"},"query-input":{"@type":"PropertyValueSpecification","valueRequired":true,"valueName":"search_term_string"}}],"inLanguage":"en-US"},{"@type":"Organization","@id":"https:\/\/samorzadstudentow.uwr.edu.pl\/#organization","name":"Student Government of the University of Wroclaw","url":"https:\/\/samorzadstudentow.uwr.edu.pl\/","logo":{"@type":"ImageObject","inLanguage":"en-US","@id":"https:\/\/samorzadstudentow.uwr.edu.pl\/#\/schema\/logo\/image\/","url":"https:\/\/samorzadstudentow.uwr.edu.pl\/wp-content\/uploads\/sites\/507\/2025\/10\/UWr-logotyp-2025.png","contentUrl":"https:\/\/samorzadstudentow.uwr.edu.pl\/wp-content\/uploads\/sites\/507\/2025\/10\/UWr-logotyp-2025.png","width":764,"height":269,"caption":"Student Government of the University of Wroclaw"},"image":{"@id":"https:\/\/samorzadstudentow.uwr.edu.pl\/#\/schema\/logo\/image\/"}}]}},"publishpress_future_action":{"enabled":false,"date":"2026-05-20 02:11:28","action":"change-status","newStatus":"draft","terms":[],"taxonomy":"category","extraData":[]},"publishpress_future_workflow_manual_trigger":{"enabledWorkflows":[]},"_links":{"self":[{"href":"https:\/\/samorzadstudentow.uwr.edu.pl\/en\/wp-json\/wp\/v2\/pages\/29371\/"}],"collection":[{"href":"https:\/\/samorzadstudentow.uwr.edu.pl\/en\/wp-json\/wp\/v2\/pages\/"}],"about":[{"href":"https:\/\/samorzadstudentow.uwr.edu.pl\/en\/wp-json\/wp\/v2\/types\/page\/"}],"author":[{"embeddable":true,"href":"https:\/\/samorzadstudentow.uwr.edu.pl\/en\/wp-json\/wp\/v2\/users\/9447\/"}],"replies":[{"embeddable":true,"href":"https:\/\/samorzadstudentow.uwr.edu.pl\/en\/wp-json\/wp\/v2\/comments\/?post=29371"}],"version-history":[{"count":2,"href":"https:\/\/samorzadstudentow.uwr.edu.pl\/en\/wp-json\/wp\/v2\/pages\/29371\/revisions\/"}],"predecessor-version":[{"id":29737,"href":"https:\/\/samorzadstudentow.uwr.edu.pl\/en\/wp-json\/wp\/v2\/pages\/29371\/revisions\/29737\/"}],"wp:attachment":[{"href":"https:\/\/samorzadstudentow.uwr.edu.pl\/en\/wp-json\/wp\/v2\/media\/?parent=29371"}],"wp:term":[{"taxonomy":"category","embeddable":true,"href":"https:\/\/samorzadstudentow.uwr.edu.pl\/en\/wp-json\/wp\/v2\/categories\/?post=29371"},{"taxonomy":"post_tag","embeddable":true,"href":"https:\/\/samorzadstudentow.uwr.edu.pl\/en\/wp-json\/wp\/v2\/tags\/?post=29371"}],"curies":[{"name":"wp","href":"https:\/\/api.w.org\/{rel}","templated":true}]}}