{"id":29470,"date":"2025-12-23T18:54:10","date_gmt":"2025-12-23T17:54:10","guid":{"rendered":"https:\/\/samorzadstudentow.uwr.edu.pl\/?page_id=29470"},"modified":"2025-12-23T22:52:55","modified_gmt":"2025-12-23T21:52:55","slug":"protocol-from-the-meeting-on-good-practices-in-the-activities-of-the-university-of-wroclaw-student-government","status":"publish","type":"page","link":"https:\/\/samorzadstudentow.uwr.edu.pl\/en\/protocol-from-the-meeting-on-good-practices-in-the-activities-of-the-university-of-wroclaw-student-government\/","title":{"rendered":"Protocol from the meeting on good practices in the activities of the University of Wroc\u0142aw Student Government"},"content":{"rendered":"\n<div class=\"wp-block-stackable-spacer stk-block-spacer stk--no-padding stk-block stk-131dc8e\" data-block-id=\"131dc8e\"><style>.stk-131dc8e {height:25px !important;}<\/style><\/div>\n\n\n\n<div class=\"wp-block-stackable-heading stk-block-heading stk-block-heading--v2 stk-block stk-0821a3d\" id=\"strong-protocol-from-the-meeting-on-good-practices-in-the-activities-of-the-university-of-wroclaw-student-government-strong\" data-block-id=\"0821a3d\"><h2 class=\"stk-block-heading__text has-text-align-center\"><strong>Protocol from the meeting on good practices in the activities of the University of Wroc\u0142aw Student Government<\/strong><\/h2><\/div>\n\n\n\n<p>On July 9th, 2025, at 11:00 AM, a meeting took place at the University of Wroc\u0142aw between the following participants: <br>1. Kaja K\u0119dzio\u0142 \u2013 Member of the Student Parliament of the University of Wroc\u0142aw <br>2. Natalia Winogradow \u2013 Chairwoman of the Legal and Finance Committee of the Board of the Student Council of the University of Wroc\u0142aw <br>3. Roch Morawski \u2013 Member of the Student Parliament of the University of Wroc\u0142aw <br>4. Arkadiusz Smugowski \u2013 the Chairman of the Board of the Student Council of the University of Wroc\u0142aw <br>5. Adrian Sudenis \u2013 Member of the Student Parliament of the University of Wroc\u0142aw <br>6. \u0141ukasz Prus \u2013 Vice-Rector for Student Affairs of the University of Wroc\u0142aw <br>The meeting was conducted by Vice-Rector \u0141ukasz Prus. <br>The meeting concluded at 1:50 PM. <br>Another meeting between the same participants took place on September 8th, 2025, between 12:30 PM and 1:30 PM <br>The purpose of the meeting was to reach a consensus or determine discrepancies regarding the good practices in the work related to the activities of the bodies of the Student Council of the University of Wroc\u0142aw and its commissions hereinafter referred to. <br>Contents of the protocol from the meeting are included below<\/p>\n\n\n<div class=\"wp-block-bonasoft-modular-file-list2\">\r\n    <div class=\"bs__file-list\">\r\n        <div class=\"bs__file-list__section\">\r\n            <ul class=\"bs__file-list__list\">\r\n                                    <li>\r\n                    <a href=\"https:\/\/samorzadstudentow.uwr.edu.pl\/wp-content\/uploads\/sites\/507\/2025\/10\/Protokol-ze-spotkan-dotyczacego-dobrych-praktyk-w-dzialaniach-Samorzadu-Studentow-UWr-eng.pdf\" title=\"Download file:  Protok\u00f3\u0142 ze spotka\u0144 dotycz\u0105cego dobrych praktyk w dzia\u0142aniach Samorz\u0105du Student\u00f3w UWr-pol. File type pdf. File size 370 KB\" download>\r\n                            <div class=\"bs__file-list__subsection\">\r\n                                <span class=\"bs__file-list__title\"><\/span>\r\n                                <span class=\"bs__file-list__text\">Protok\u00f3\u0142 ze spotka\u0144 dotycz\u0105cego dobrych praktyk w dzia\u0142aniach Samorz\u0105du Student\u00f3w UWr-pol<\/span>\r\n                                                                    <span class=\"bs__file-list__size\">\r\n                                        <span>pdf<\/span>\r\n                                        <span>370 KB  <\/span>\r\n                                    <\/span>\r\n                                                            <\/div>\r\n                            <div class=\"bs__links__icon\">\r\n                                <svg width=\"40px\" height=\"40px\" viewBox=\"0 0 22 16\" version=\"1.1\">\r\n                                    <g stroke=\"none\" strokeWidth=\"1\" fill=\"white\" fillRule=\"evenodd\">\r\n                                        <g>\r\n                                            <polygon points=\"13.4875 0 12 1.6215 18.7875 8 12 14.3795 13.4875 16 21.9995 8\" \/>\r\n                                        <\/g>\r\n                                    <\/g>\r\n                                <\/svg>\r\n                            <\/div>\r\n                        <\/a>\r\n                    <\/li>\r\n                            <\/ul>\r\n        <\/div>\r\n    <\/div>\r\n<\/div>\r\n\n\n\n<div class=\"wp-block-ugb-spacer ugb-spacer ugb-75b1dab ugb-spacer--v2 ugb-main-block\"><div class=\"ugb-inner-block\"><div class=\"ugb-block-content\"><div class=\"ugb-spacer--inner\"><\/div><\/div><\/div><\/div>\n","protected":false},"excerpt":{"rendered":"<p>Protocol from the meeting on good practices in the activities of the University of Wroc\u0142aw Student Government On July 9th, 2025, at 11:00 AM, a meeting took place at the University of Wroc\u0142aw between the following participants: 1. Kaja K\u0119dzio\u0142 \u2013 Member of the Student Parliament of the University of Wroc\u0142aw 2. Natalia Winogradow \u2013 [&hellip;]<\/p>\n","protected":false},"author":9447,"featured_media":0,"parent":0,"menu_order":0,"comment_status":"closed","ping_status":"closed","template":"","meta":{"_acf_changed":false,"inline_featured_image":false,"site-sidebar-layout":"default","site-content-layout":"","ast-site-content-layout":"default","site-content-style":"default","site-sidebar-style":"default","ast-global-header-display":"","ast-banner-title-visibility":"","ast-main-header-display":"","ast-hfb-above-header-display":"","ast-hfb-below-header-display":"","ast-hfb-mobile-header-display":"","site-post-title":"disabled","ast-breadcrumbs-content":"","ast-featured-img":"","footer-sml-layout":"","ast-disable-related-posts":"","theme-transparent-header-meta":"","adv-header-id-meta":"","stick-header-meta":"","header-above-stick-meta":"","header-main-stick-meta":"","header-below-stick-meta":"","astra-migrate-meta-layouts":"set","ast-page-background-enabled":"default","ast-page-background-meta":{"desktop":{"background-color":"","background-image":"","background-repeat":"repeat","background-position":"center center","background-size":"auto","background-attachment":"scroll","background-type":"","background-media":"","overlay-type":"","overlay-color":"","overlay-opacity":"","overlay-gradient":""},"tablet":{"background-color":"","background-image":"","background-repeat":"repeat","background-position":"center center","background-size":"auto","background-attachment":"scroll","background-type":"","background-media":"","overlay-type":"","overlay-color":"","overlay-opacity":"","overlay-gradient":""},"mobile":{"background-color":"","background-image":"","background-repeat":"repeat","background-position":"center center","background-size":"auto","background-attachment":"scroll","background-type":"","background-media":"","overlay-type":"","overlay-color":"","overlay-opacity":"","overlay-gradient":""}},"ast-content-background-meta":{"desktop":{"background-color":"var(--ast-global-color-5)","background-image":"","background-repeat":"repeat","background-position":"center center","background-size":"auto","background-attachment":"scroll","background-type":"","background-media":"","overlay-type":"","overlay-color":"","overlay-opacity":"","overlay-gradient":""},"tablet":{"background-color":"var(--ast-global-color-5)","background-image":"","background-repeat":"repeat","background-position":"center center","background-size":"auto","background-attachment":"scroll","background-type":"","background-media":"","overlay-type":"","overlay-color":"","overlay-opacity":"","overlay-gradient":""},"mobile":{"background-color":"var(--ast-global-color-5)","background-image":"","background-repeat":"repeat","background-position":"center center","background-size":"auto","background-attachment":"scroll","background-type":"","background-media":"","overlay-type":"","overlay-color":"","overlay-opacity":"","overlay-gradient":""}},"footnotes":""},"categories":[],"tags":[],"class_list":["post-29470","page","type-page","status-publish","hentry"],"featured_image_urls_v2":{"full":"","thumbnail":"","medium":"","medium_large":"","large":"","1536x1536":"","2048x2048":"","menu-24x24":"","menu-36x36":"","menu-48x48":""},"post_excerpt_stackable_v2":"<p>Protocol from the meeting on good practices in the activities of the University of Wroc\u0142aw Student Government On July 9th, 2025, at 11:00 AM, a meeting took place at the University of Wroc\u0142aw between the following participants: 1. Kaja K\u0119dzio\u0142 \u2013 Member of the Student Parliament of the University of Wroc\u0142aw 2. Natalia Winogradow \u2013 Chairwoman of the Legal and Finance Committee of the Board of the Student Council of the University of Wroc\u0142aw 3. Roch Morawski \u2013 Member of the Student Parliament of the University of Wroc\u0142aw 4. Arkadiusz Smugowski \u2013 the Chairman of the Board of the Student&hellip;<\/p>\n","category_list_v2":"Uncategorized","author_info_v2":{"name":"s344790","url":"https:\/\/samorzadstudentow.uwr.edu.pl\/en\/author\/s344790\/"},"comments_num_v2":"0 comments","acf":[],"yoast_head":"<!-- This site is optimized with the Yoast SEO plugin v27.1.1 - https:\/\/yoast.com\/product\/yoast-seo-wordpress\/ -->\n<title>Protocol from the meeting on good practices in the activities of the University of Wroc\u0142aw Student Government - Student Government of the University of Wroclaw<\/title>\n<meta name=\"robots\" content=\"index, follow, max-snippet:-1, max-image-preview:large, max-video-preview:-1\" \/>\n<link rel=\"canonical\" href=\"https:\/\/samorzadstudentow.uwr.edu.pl\/en\/protocol-from-the-meeting-on-good-practices-in-the-activities-of-the-university-of-wroclaw-student-government\/\" \/>\n<meta property=\"og:locale\" content=\"en_US\" \/>\n<meta property=\"og:type\" content=\"article\" \/>\n<meta property=\"og:title\" content=\"Protocol from the meeting on good practices in the activities of the University of Wroc\u0142aw Student Government - Student Government of the University of Wroclaw\" \/>\n<meta property=\"og:description\" content=\"Protocol from the meeting on good practices in the activities of the University of Wroc\u0142aw Student Government On July 9th, 2025, at 11:00 AM, a meeting took place at the University of Wroc\u0142aw between the following participants: 1. Kaja K\u0119dzio\u0142 \u2013 Member of the Student Parliament of the University of Wroc\u0142aw 2. Natalia Winogradow \u2013 [&hellip;]\" \/>\n<meta property=\"og:url\" content=\"https:\/\/samorzadstudentow.uwr.edu.pl\/en\/protocol-from-the-meeting-on-good-practices-in-the-activities-of-the-university-of-wroclaw-student-government\/\" \/>\n<meta property=\"og:site_name\" content=\"Student Government of the University of Wroclaw\" \/>\n<meta property=\"article:modified_time\" content=\"2025-12-23T21:52:55+00:00\" \/>\n<meta name=\"twitter:card\" content=\"summary_large_image\" \/>\n<meta name=\"twitter:label1\" content=\"Est. reading time\" \/>\n\t<meta name=\"twitter:data1\" content=\"2 minutes\" \/>\n<script type=\"application\/ld+json\" class=\"yoast-schema-graph\">{\"@context\":\"https:\/\/schema.org\",\"@graph\":[{\"@type\":\"WebPage\",\"@id\":\"https:\/\/samorzadstudentow.uwr.edu.pl\/en\/protocol-from-the-meeting-on-good-practices-in-the-activities-of-the-university-of-wroclaw-student-government\/\",\"url\":\"https:\/\/samorzadstudentow.uwr.edu.pl\/en\/protocol-from-the-meeting-on-good-practices-in-the-activities-of-the-university-of-wroclaw-student-government\/\",\"name\":\"Protocol from the meeting on good practices in the activities of the University of Wroc\u0142aw Student Government - Student Government of the University of Wroclaw\",\"isPartOf\":{\"@id\":\"https:\/\/samorzadstudentow.uwr.edu.pl\/#website\"},\"datePublished\":\"2025-12-23T17:54:10+00:00\",\"dateModified\":\"2025-12-23T21:52:55+00:00\",\"breadcrumb\":{\"@id\":\"https:\/\/samorzadstudentow.uwr.edu.pl\/en\/protocol-from-the-meeting-on-good-practices-in-the-activities-of-the-university-of-wroclaw-student-government\/#breadcrumb\"},\"inLanguage\":\"en-US\",\"potentialAction\":[{\"@type\":\"ReadAction\",\"target\":[\"https:\/\/samorzadstudentow.uwr.edu.pl\/en\/protocol-from-the-meeting-on-good-practices-in-the-activities-of-the-university-of-wroclaw-student-government\/\"]}]},{\"@type\":\"BreadcrumbList\",\"@id\":\"https:\/\/samorzadstudentow.uwr.edu.pl\/en\/protocol-from-the-meeting-on-good-practices-in-the-activities-of-the-university-of-wroclaw-student-government\/#breadcrumb\",\"itemListElement\":[{\"@type\":\"ListItem\",\"position\":1,\"name\":\"Strona g\u0142\u00f3wna\",\"item\":\"https:\/\/samorzadstudentow.uwr.edu.pl\/en\/strona-glowna2-2\/\"},{\"@type\":\"ListItem\",\"position\":2,\"name\":\"Protocol from the meeting on good practices in the activities of the University of Wroc\u0142aw Student Government\"}]},{\"@type\":\"WebSite\",\"@id\":\"https:\/\/samorzadstudentow.uwr.edu.pl\/#website\",\"url\":\"https:\/\/samorzadstudentow.uwr.edu.pl\/\",\"name\":\"Student Government of the University of Wroclaw\",\"description\":\"website created by students UWr for students UWr\",\"publisher\":{\"@id\":\"https:\/\/samorzadstudentow.uwr.edu.pl\/#organization\"},\"potentialAction\":[{\"@type\":\"SearchAction\",\"target\":{\"@type\":\"EntryPoint\",\"urlTemplate\":\"https:\/\/samorzadstudentow.uwr.edu.pl\/?s={search_term_string}\"},\"query-input\":{\"@type\":\"PropertyValueSpecification\",\"valueRequired\":true,\"valueName\":\"search_term_string\"}}],\"inLanguage\":\"en-US\"},{\"@type\":\"Organization\",\"@id\":\"https:\/\/samorzadstudentow.uwr.edu.pl\/#organization\",\"name\":\"Student Government of the University of Wroclaw\",\"url\":\"https:\/\/samorzadstudentow.uwr.edu.pl\/\",\"logo\":{\"@type\":\"ImageObject\",\"inLanguage\":\"en-US\",\"@id\":\"https:\/\/samorzadstudentow.uwr.edu.pl\/#\/schema\/logo\/image\/\",\"url\":\"https:\/\/samorzadstudentow.uwr.edu.pl\/wp-content\/uploads\/sites\/507\/2025\/10\/UWr-logotyp-2025.png\",\"contentUrl\":\"https:\/\/samorzadstudentow.uwr.edu.pl\/wp-content\/uploads\/sites\/507\/2025\/10\/UWr-logotyp-2025.png\",\"width\":764,\"height\":269,\"caption\":\"Student Government of the University of Wroclaw\"},\"image\":{\"@id\":\"https:\/\/samorzadstudentow.uwr.edu.pl\/#\/schema\/logo\/image\/\"}}]}<\/script>\n<!-- \/ Yoast SEO plugin. -->","yoast_head_json":{"title":"Protocol from the meeting on good practices in the activities of the University of Wroc\u0142aw Student Government - Student Government of the University of Wroclaw","robots":{"index":"index","follow":"follow","max-snippet":"max-snippet:-1","max-image-preview":"max-image-preview:large","max-video-preview":"max-video-preview:-1"},"canonical":"https:\/\/samorzadstudentow.uwr.edu.pl\/en\/protocol-from-the-meeting-on-good-practices-in-the-activities-of-the-university-of-wroclaw-student-government\/","og_locale":"en_US","og_type":"article","og_title":"Protocol from the meeting on good practices in the activities of the University of Wroc\u0142aw Student Government - Student Government of the University of Wroclaw","og_description":"Protocol from the meeting on good practices in the activities of the University of Wroc\u0142aw Student Government On July 9th, 2025, at 11:00 AM, a meeting took place at the University of Wroc\u0142aw between the following participants: 1. Kaja K\u0119dzio\u0142 \u2013 Member of the Student Parliament of the University of Wroc\u0142aw 2. Natalia Winogradow \u2013 [&hellip;]","og_url":"https:\/\/samorzadstudentow.uwr.edu.pl\/en\/protocol-from-the-meeting-on-good-practices-in-the-activities-of-the-university-of-wroclaw-student-government\/","og_site_name":"Student Government of the University of Wroclaw","article_modified_time":"2025-12-23T21:52:55+00:00","twitter_card":"summary_large_image","twitter_misc":{"Est. reading time":"2 minutes"},"schema":{"@context":"https:\/\/schema.org","@graph":[{"@type":"WebPage","@id":"https:\/\/samorzadstudentow.uwr.edu.pl\/en\/protocol-from-the-meeting-on-good-practices-in-the-activities-of-the-university-of-wroclaw-student-government\/","url":"https:\/\/samorzadstudentow.uwr.edu.pl\/en\/protocol-from-the-meeting-on-good-practices-in-the-activities-of-the-university-of-wroclaw-student-government\/","name":"Protocol from the meeting on good practices in the activities of the University of Wroc\u0142aw Student Government - Student Government of the University of Wroclaw","isPartOf":{"@id":"https:\/\/samorzadstudentow.uwr.edu.pl\/#website"},"datePublished":"2025-12-23T17:54:10+00:00","dateModified":"2025-12-23T21:52:55+00:00","breadcrumb":{"@id":"https:\/\/samorzadstudentow.uwr.edu.pl\/en\/protocol-from-the-meeting-on-good-practices-in-the-activities-of-the-university-of-wroclaw-student-government\/#breadcrumb"},"inLanguage":"en-US","potentialAction":[{"@type":"ReadAction","target":["https:\/\/samorzadstudentow.uwr.edu.pl\/en\/protocol-from-the-meeting-on-good-practices-in-the-activities-of-the-university-of-wroclaw-student-government\/"]}]},{"@type":"BreadcrumbList","@id":"https:\/\/samorzadstudentow.uwr.edu.pl\/en\/protocol-from-the-meeting-on-good-practices-in-the-activities-of-the-university-of-wroclaw-student-government\/#breadcrumb","itemListElement":[{"@type":"ListItem","position":1,"name":"Strona g\u0142\u00f3wna","item":"https:\/\/samorzadstudentow.uwr.edu.pl\/en\/strona-glowna2-2\/"},{"@type":"ListItem","position":2,"name":"Protocol from the meeting on good practices in the activities of the University of Wroc\u0142aw Student Government"}]},{"@type":"WebSite","@id":"https:\/\/samorzadstudentow.uwr.edu.pl\/#website","url":"https:\/\/samorzadstudentow.uwr.edu.pl\/","name":"Student Government of the University of Wroclaw","description":"website created by students UWr for students UWr","publisher":{"@id":"https:\/\/samorzadstudentow.uwr.edu.pl\/#organization"},"potentialAction":[{"@type":"SearchAction","target":{"@type":"EntryPoint","urlTemplate":"https:\/\/samorzadstudentow.uwr.edu.pl\/?s={search_term_string}"},"query-input":{"@type":"PropertyValueSpecification","valueRequired":true,"valueName":"search_term_string"}}],"inLanguage":"en-US"},{"@type":"Organization","@id":"https:\/\/samorzadstudentow.uwr.edu.pl\/#organization","name":"Student Government of the University of Wroclaw","url":"https:\/\/samorzadstudentow.uwr.edu.pl\/","logo":{"@type":"ImageObject","inLanguage":"en-US","@id":"https:\/\/samorzadstudentow.uwr.edu.pl\/#\/schema\/logo\/image\/","url":"https:\/\/samorzadstudentow.uwr.edu.pl\/wp-content\/uploads\/sites\/507\/2025\/10\/UWr-logotyp-2025.png","contentUrl":"https:\/\/samorzadstudentow.uwr.edu.pl\/wp-content\/uploads\/sites\/507\/2025\/10\/UWr-logotyp-2025.png","width":764,"height":269,"caption":"Student Government of the University of Wroclaw"},"image":{"@id":"https:\/\/samorzadstudentow.uwr.edu.pl\/#\/schema\/logo\/image\/"}}]}},"publishpress_future_action":{"enabled":false,"date":"2026-05-20 04:17:45","action":"change-status","newStatus":"draft","terms":[],"taxonomy":"category","extraData":[]},"publishpress_future_workflow_manual_trigger":{"enabledWorkflows":[]},"_links":{"self":[{"href":"https:\/\/samorzadstudentow.uwr.edu.pl\/en\/wp-json\/wp\/v2\/pages\/29470\/"}],"collection":[{"href":"https:\/\/samorzadstudentow.uwr.edu.pl\/en\/wp-json\/wp\/v2\/pages\/"}],"about":[{"href":"https:\/\/samorzadstudentow.uwr.edu.pl\/en\/wp-json\/wp\/v2\/types\/page\/"}],"author":[{"embeddable":true,"href":"https:\/\/samorzadstudentow.uwr.edu.pl\/en\/wp-json\/wp\/v2\/users\/9447\/"}],"replies":[{"embeddable":true,"href":"https:\/\/samorzadstudentow.uwr.edu.pl\/en\/wp-json\/wp\/v2\/comments\/?post=29470"}],"version-history":[{"count":3,"href":"https:\/\/samorzadstudentow.uwr.edu.pl\/en\/wp-json\/wp\/v2\/pages\/29470\/revisions\/"}],"predecessor-version":[{"id":29749,"href":"https:\/\/samorzadstudentow.uwr.edu.pl\/en\/wp-json\/wp\/v2\/pages\/29470\/revisions\/29749\/"}],"wp:attachment":[{"href":"https:\/\/samorzadstudentow.uwr.edu.pl\/en\/wp-json\/wp\/v2\/media\/?parent=29470"}],"wp:term":[{"taxonomy":"category","embeddable":true,"href":"https:\/\/samorzadstudentow.uwr.edu.pl\/en\/wp-json\/wp\/v2\/categories\/?post=29470"},{"taxonomy":"post_tag","embeddable":true,"href":"https:\/\/samorzadstudentow.uwr.edu.pl\/en\/wp-json\/wp\/v2\/tags\/?post=29470"}],"curies":[{"name":"wp","href":"https:\/\/api.w.org\/{rel}","templated":true}]}}