{"id":29506,"date":"2025-12-23T20:50:54","date_gmt":"2025-12-23T19:50:54","guid":{"rendered":"https:\/\/samorzadstudentow.uwr.edu.pl\/?page_id=29506"},"modified":"2025-12-23T22:56:55","modified_gmt":"2025-12-23T21:56:55","slug":"szkolka-jezykowa","status":"publish","type":"page","link":"https:\/\/samorzadstudentow.uwr.edu.pl\/en\/szkolka-jezykowa\/","title":{"rendered":"Szk\u00f3\u0142ka j\u0119zykowa"},"content":{"rendered":"\n<div class=\"wp-block-stackable-spacer stk-block-spacer stk--no-padding stk-block stk-131dc8e\" data-block-id=\"131dc8e\"><style>.stk-131dc8e {height:25px !important;}<\/style><\/div>\n\n\n\n<h1 class=\"wp-block-heading has-text-align-center\"><strong>SZK\u00d3\u0141KA J\u0118ZYKOWA<\/strong><\/h1>\n\n\n\n<h3 class=\"wp-block-heading has-text-align-center\"><strong>Szk\u00f3\u0142ka j\u0119zykowa<\/strong> is an event designed for anyone who wants to expand their knowledge of foreign languages \u200b\u200bin a light, friendly, and engaging way. During these meetings, we learn not only vocabulary and basic phrases, but also cultural curiosities, customs, and facts you won&#8217;t find in textbooks.<\/h3>\n\n\n\n<div class=\"wp-block-stackable-spacer stk-block-spacer stk--no-padding stk-block stk-aeaf25f\" data-block-id=\"aeaf25f\"><style>.stk-aeaf25f {height:20px !important;}<\/style><\/div>\n\n\n\n<div class=\"wp-block-stackable-image stk-block-image stk-block stk-831109c\" data-block-id=\"831109c\"><style>.stk-831109c .stk-img-wrapper{width:90% !important;height:90% !important;}<\/style><figure><span class=\"stk-img-wrapper stk-image--shape-stretch\"><img loading=\"lazy\" decoding=\"async\" class=\"stk-img wp-image-28171\" src=\"https:\/\/samorzadstudentow.uwr.edu.pl\/wp-content\/uploads\/sites\/507\/2025\/11\/IMG_1395-edited.jpg\" width=\"1536\" height=\"1024\" srcset=\"https:\/\/samorzadstudentow.uwr.edu.pl\/wp-content\/uploads\/sites\/507\/2025\/11\/IMG_1395-edited.jpg 1536w, https:\/\/samorzadstudentow.uwr.edu.pl\/wp-content\/uploads\/sites\/507\/2025\/11\/IMG_1395-edited-300x200.jpg 300w, https:\/\/samorzadstudentow.uwr.edu.pl\/wp-content\/uploads\/sites\/507\/2025\/11\/IMG_1395-edited-1024x683.jpg 1024w, https:\/\/samorzadstudentow.uwr.edu.pl\/wp-content\/uploads\/sites\/507\/2025\/11\/IMG_1395-edited-768x512.jpg 768w, https:\/\/samorzadstudentow.uwr.edu.pl\/wp-content\/uploads\/sites\/507\/2025\/11\/IMG_1395-edited-24x16.jpg 24w, https:\/\/samorzadstudentow.uwr.edu.pl\/wp-content\/uploads\/sites\/507\/2025\/11\/IMG_1395-edited-36x24.jpg 36w, https:\/\/samorzadstudentow.uwr.edu.pl\/wp-content\/uploads\/sites\/507\/2025\/11\/IMG_1395-edited-48x32.jpg 48w\" sizes=\"auto, (max-width: 1536px) 100vw, 1536px\" \/><\/span><\/figure><\/div>\n\n\n\n<div class=\"wp-block-stackable-spacer stk-block-spacer stk--no-padding stk-block stk-0c17899\" data-block-id=\"0c17899\"><style>.stk-0c17899 {height:20px !important;}<\/style><\/div>\n\n\n\n<h3 class=\"wp-block-heading has-text-align-center\">To date, we have conducted classes in sign language, French, Italian, and many other languages. Each edition brings new experiences and a fresh perspective on the world.<\/h3>\n\n\n\n<div class=\"wp-block-stackable-spacer stk-block-spacer stk--no-padding stk-block stk-0208eb3\" data-block-id=\"0208eb3\"><style>.stk-0208eb3 {height:20px !important;}<\/style><\/div>\n\n\n\n<div class=\"social-row\">\n  \n  <a class=\"social-link\" href=\"https:\/\/www.tiktok.com\/@samorzad.uwr\" target=\"_blank\" rel=\"noopener\">\n    <img decoding=\"async\" src=\"https:\/\/samorzadstudentow.uwr.edu.pl\/wp-content\/uploads\/sites\/507\/2025\/11\/TikTok.png\" alt=\"TikTok\">\n  <\/a>\n\n  <a class=\"social-link\" href=\"https:\/\/www.instagram.com\/samorzad_studentow_uwr\/\" target=\"_blank\" rel=\"noopener\">\n    <img decoding=\"async\" src=\"https:\/\/samorzadstudentow.uwr.edu.pl\/wp-content\/uploads\/sites\/507\/2025\/11\/Instagram.png\" alt=\"Instagram\">\n  <\/a>\n\n  <a class=\"social-link social-link--facebook\" href=\"https:\/\/www.facebook.com\/samorzad.uwr\" target=\"_blank\" rel=\"noopener\">\n    <img decoding=\"async\" src=\"https:\/\/samorzadstudentow.uwr.edu.pl\/wp-content\/uploads\/sites\/507\/2025\/11\/Facebook.png\" alt=\"Facebook\">\n  <\/a>\n\n<\/div>\n\n<style>\n  .social-row {\n    display: flex;\n    align-items: center;\n    justify-content: center;\n    gap: 1.5rem;\n    padding: 1rem 0;\n  }\n\n  .social-link img {\n    width: 4.5rem;\n    height: 4.5rem;\n    object-fit: contain;\n    transition: transform 0.2s ease, opacity 0.2s ease;\n  }\n\n  .social-link:hover img {\n    transform: translateY(-0.1rem) scale(1.05);\n    opacity: 0.7;\n  }\n\n\n  \/* Tablety *\/\n  @media (max-width: 64em) {\n    .social-link img {\n      width: 3.5rem;\n      height: 3.5rem;\n    }\n  }\n\n  \/* Telefony *\/\n  @media (max-width: 48em) {\n    .social-link img {\n      width: 2.7rem;\n      height: 2.7rem;\n    }\n  }\n<\/style>\n\n\n\n<div class=\"wp-block-ugb-spacer ugb-spacer ugb-c7dabc6 ugb-spacer--v2 ugb-main-block\"><div class=\"ugb-inner-block\"><div class=\"ugb-block-content\"><div class=\"ugb-spacer--inner\"><\/div><\/div><\/div><\/div>\n","protected":false},"excerpt":{"rendered":"<p>SZK\u00d3\u0141KA J\u0118ZYKOWA Szk\u00f3\u0142ka j\u0119zykowa is an event designed for anyone who wants to expand their knowledge of foreign languages \u200b\u200bin a light, friendly, and engaging way. During these meetings, we learn not only vocabulary and basic phrases, but also cultural curiosities, customs, and facts you won&#8217;t find in textbooks. To date, we have conducted classes [&hellip;]<\/p>\n","protected":false},"author":9447,"featured_media":0,"parent":0,"menu_order":0,"comment_status":"closed","ping_status":"closed","template":"","meta":{"_acf_changed":false,"inline_featured_image":false,"site-sidebar-layout":"default","site-content-layout":"","ast-site-content-layout":"default","site-content-style":"default","site-sidebar-style":"default","ast-global-header-display":"","ast-banner-title-visibility":"","ast-main-header-display":"","ast-hfb-above-header-display":"","ast-hfb-below-header-display":"","ast-hfb-mobile-header-display":"","site-post-title":"disabled","ast-breadcrumbs-content":"","ast-featured-img":"","footer-sml-layout":"","ast-disable-related-posts":"","theme-transparent-header-meta":"","adv-header-id-meta":"","stick-header-meta":"","header-above-stick-meta":"","header-main-stick-meta":"","header-below-stick-meta":"","astra-migrate-meta-layouts":"set","ast-page-background-enabled":"default","ast-page-background-meta":{"desktop":{"background-color":"","background-image":"","background-repeat":"repeat","background-position":"center center","background-size":"auto","background-attachment":"scroll","background-type":"","background-media":"","overlay-type":"","overlay-color":"","overlay-opacity":"","overlay-gradient":""},"tablet":{"background-color":"","background-image":"","background-repeat":"repeat","background-position":"center center","background-size":"auto","background-attachment":"scroll","background-type":"","background-media":"","overlay-type":"","overlay-color":"","overlay-opacity":"","overlay-gradient":""},"mobile":{"background-color":"","background-image":"","background-repeat":"repeat","background-position":"center center","background-size":"auto","background-attachment":"scroll","background-type":"","background-media":"","overlay-type":"","overlay-color":"","overlay-opacity":"","overlay-gradient":""}},"ast-content-background-meta":{"desktop":{"background-color":"var(--ast-global-color-5)","background-image":"","background-repeat":"repeat","background-position":"center center","background-size":"auto","background-attachment":"scroll","background-type":"","background-media":"","overlay-type":"","overlay-color":"","overlay-opacity":"","overlay-gradient":""},"tablet":{"background-color":"var(--ast-global-color-5)","background-image":"","background-repeat":"repeat","background-position":"center center","background-size":"auto","background-attachment":"scroll","background-type":"","background-media":"","overlay-type":"","overlay-color":"","overlay-opacity":"","overlay-gradient":""},"mobile":{"background-color":"var(--ast-global-color-5)","background-image":"","background-repeat":"repeat","background-position":"center center","background-size":"auto","background-attachment":"scroll","background-type":"","background-media":"","overlay-type":"","overlay-color":"","overlay-opacity":"","overlay-gradient":""}},"footnotes":""},"categories":[],"tags":[],"class_list":["post-29506","page","type-page","status-publish","hentry"],"featured_image_urls_v2":{"full":"","thumbnail":"","medium":"","medium_large":"","large":"","1536x1536":"","2048x2048":"","menu-24x24":"","menu-36x36":"","menu-48x48":""},"post_excerpt_stackable_v2":"<p>SZK\u00d3\u0141KA J\u0118ZYKOWA Szk\u00f3\u0142ka j\u0119zykowa is an event designed for anyone who wants to expand their knowledge of foreign languages \u200b\u200bin a light, friendly, and engaging way. During these meetings, we learn not only vocabulary and basic phrases, but also cultural curiosities, customs, and facts you won&#8217;t find in textbooks. To date, we have conducted classes in sign language, French, Italian, and many other languages. Each edition brings new experiences and a fresh perspective on the world.<\/p>\n","category_list_v2":"Uncategorized","author_info_v2":{"name":"s344790","url":"https:\/\/samorzadstudentow.uwr.edu.pl\/en\/author\/s344790\/"},"comments_num_v2":"0 comments","acf":[],"yoast_head":"<!-- This site is optimized with the Yoast SEO plugin v27.1.1 - https:\/\/yoast.com\/product\/yoast-seo-wordpress\/ -->\n<title>Szk\u00f3\u0142ka j\u0119zykowa - Student Government of the University of Wroclaw<\/title>\n<meta name=\"robots\" content=\"index, follow, max-snippet:-1, max-image-preview:large, max-video-preview:-1\" \/>\n<link rel=\"canonical\" href=\"https:\/\/samorzadstudentow.uwr.edu.pl\/en\/szkolka-jezykowa\/\" \/>\n<meta property=\"og:locale\" content=\"en_US\" \/>\n<meta property=\"og:type\" content=\"article\" \/>\n<meta property=\"og:title\" content=\"Szk\u00f3\u0142ka j\u0119zykowa - Student Government of the University of Wroclaw\" \/>\n<meta property=\"og:description\" content=\"SZK\u00d3\u0141KA J\u0118ZYKOWA Szk\u00f3\u0142ka j\u0119zykowa is an event designed for anyone who wants to expand their knowledge of foreign languages \u200b\u200bin a light, friendly, and engaging way. During these meetings, we learn not only vocabulary and basic phrases, but also cultural curiosities, customs, and facts you won&#8217;t find in textbooks. To date, we have conducted classes [&hellip;]\" \/>\n<meta property=\"og:url\" content=\"https:\/\/samorzadstudentow.uwr.edu.pl\/en\/szkolka-jezykowa\/\" \/>\n<meta property=\"og:site_name\" content=\"Student Government of the University of Wroclaw\" \/>\n<meta property=\"article:modified_time\" content=\"2025-12-23T21:56:55+00:00\" \/>\n<meta property=\"og:image\" content=\"https:\/\/samorzadstudentow.uwr.edu.pl\/wp-content\/uploads\/sites\/507\/2025\/11\/IMG_1395-edited.jpg\" \/>\n\t<meta property=\"og:image:width\" content=\"1536\" \/>\n\t<meta property=\"og:image:height\" content=\"1024\" \/>\n\t<meta property=\"og:image:type\" content=\"image\/jpeg\" \/>\n<meta name=\"twitter:card\" content=\"summary_large_image\" \/>\n<meta name=\"twitter:label1\" content=\"Est. reading time\" \/>\n\t<meta name=\"twitter:data1\" content=\"2 minutes\" \/>\n<script type=\"application\/ld+json\" class=\"yoast-schema-graph\">{\"@context\":\"https:\/\/schema.org\",\"@graph\":[{\"@type\":\"WebPage\",\"@id\":\"https:\/\/samorzadstudentow.uwr.edu.pl\/en\/szkolka-jezykowa\/\",\"url\":\"https:\/\/samorzadstudentow.uwr.edu.pl\/en\/szkolka-jezykowa\/\",\"name\":\"Szk\u00f3\u0142ka j\u0119zykowa - Student Government of the University of Wroclaw\",\"isPartOf\":{\"@id\":\"https:\/\/samorzadstudentow.uwr.edu.pl\/#website\"},\"primaryImageOfPage\":{\"@id\":\"https:\/\/samorzadstudentow.uwr.edu.pl\/en\/szkolka-jezykowa\/#primaryimage\"},\"image\":{\"@id\":\"https:\/\/samorzadstudentow.uwr.edu.pl\/en\/szkolka-jezykowa\/#primaryimage\"},\"thumbnailUrl\":\"https:\/\/samorzadstudentow.uwr.edu.pl\/wp-content\/uploads\/sites\/507\/2025\/11\/IMG_1395-edited.jpg\",\"datePublished\":\"2025-12-23T19:50:54+00:00\",\"dateModified\":\"2025-12-23T21:56:55+00:00\",\"breadcrumb\":{\"@id\":\"https:\/\/samorzadstudentow.uwr.edu.pl\/en\/szkolka-jezykowa\/#breadcrumb\"},\"inLanguage\":\"en-US\",\"potentialAction\":[{\"@type\":\"ReadAction\",\"target\":[\"https:\/\/samorzadstudentow.uwr.edu.pl\/en\/szkolka-jezykowa\/\"]}]},{\"@type\":\"ImageObject\",\"inLanguage\":\"en-US\",\"@id\":\"https:\/\/samorzadstudentow.uwr.edu.pl\/en\/szkolka-jezykowa\/#primaryimage\",\"url\":\"https:\/\/samorzadstudentow.uwr.edu.pl\/wp-content\/uploads\/sites\/507\/2025\/11\/IMG_1395-edited.jpg\",\"contentUrl\":\"https:\/\/samorzadstudentow.uwr.edu.pl\/wp-content\/uploads\/sites\/507\/2025\/11\/IMG_1395-edited.jpg\"},{\"@type\":\"BreadcrumbList\",\"@id\":\"https:\/\/samorzadstudentow.uwr.edu.pl\/en\/szkolka-jezykowa\/#breadcrumb\",\"itemListElement\":[{\"@type\":\"ListItem\",\"position\":1,\"name\":\"Strona g\u0142\u00f3wna\",\"item\":\"https:\/\/samorzadstudentow.uwr.edu.pl\/en\/strona-glowna2-2\/\"},{\"@type\":\"ListItem\",\"position\":2,\"name\":\"Szk\u00f3\u0142ka j\u0119zykowa\"}]},{\"@type\":\"WebSite\",\"@id\":\"https:\/\/samorzadstudentow.uwr.edu.pl\/#website\",\"url\":\"https:\/\/samorzadstudentow.uwr.edu.pl\/\",\"name\":\"Student Government of the University of Wroclaw\",\"description\":\"website created by students UWr for students UWr\",\"publisher\":{\"@id\":\"https:\/\/samorzadstudentow.uwr.edu.pl\/#organization\"},\"potentialAction\":[{\"@type\":\"SearchAction\",\"target\":{\"@type\":\"EntryPoint\",\"urlTemplate\":\"https:\/\/samorzadstudentow.uwr.edu.pl\/?s={search_term_string}\"},\"query-input\":{\"@type\":\"PropertyValueSpecification\",\"valueRequired\":true,\"valueName\":\"search_term_string\"}}],\"inLanguage\":\"en-US\"},{\"@type\":\"Organization\",\"@id\":\"https:\/\/samorzadstudentow.uwr.edu.pl\/#organization\",\"name\":\"Student Government of the University of Wroclaw\",\"url\":\"https:\/\/samorzadstudentow.uwr.edu.pl\/\",\"logo\":{\"@type\":\"ImageObject\",\"inLanguage\":\"en-US\",\"@id\":\"https:\/\/samorzadstudentow.uwr.edu.pl\/#\/schema\/logo\/image\/\",\"url\":\"https:\/\/samorzadstudentow.uwr.edu.pl\/wp-content\/uploads\/sites\/507\/2025\/10\/UWr-logotyp-2025.png\",\"contentUrl\":\"https:\/\/samorzadstudentow.uwr.edu.pl\/wp-content\/uploads\/sites\/507\/2025\/10\/UWr-logotyp-2025.png\",\"width\":764,\"height\":269,\"caption\":\"Student Government of the University of Wroclaw\"},\"image\":{\"@id\":\"https:\/\/samorzadstudentow.uwr.edu.pl\/#\/schema\/logo\/image\/\"}}]}<\/script>\n<!-- \/ Yoast SEO plugin. -->","yoast_head_json":{"title":"Szk\u00f3\u0142ka j\u0119zykowa - Student Government of the University of Wroclaw","robots":{"index":"index","follow":"follow","max-snippet":"max-snippet:-1","max-image-preview":"max-image-preview:large","max-video-preview":"max-video-preview:-1"},"canonical":"https:\/\/samorzadstudentow.uwr.edu.pl\/en\/szkolka-jezykowa\/","og_locale":"en_US","og_type":"article","og_title":"Szk\u00f3\u0142ka j\u0119zykowa - Student Government of the University of Wroclaw","og_description":"SZK\u00d3\u0141KA J\u0118ZYKOWA Szk\u00f3\u0142ka j\u0119zykowa is an event designed for anyone who wants to expand their knowledge of foreign languages \u200b\u200bin a light, friendly, and engaging way. During these meetings, we learn not only vocabulary and basic phrases, but also cultural curiosities, customs, and facts you won&#8217;t find in textbooks. To date, we have conducted classes [&hellip;]","og_url":"https:\/\/samorzadstudentow.uwr.edu.pl\/en\/szkolka-jezykowa\/","og_site_name":"Student Government of the University of Wroclaw","article_modified_time":"2025-12-23T21:56:55+00:00","og_image":[{"width":1536,"height":1024,"url":"https:\/\/samorzadstudentow.uwr.edu.pl\/wp-content\/uploads\/sites\/507\/2025\/11\/IMG_1395-edited.jpg","type":"image\/jpeg"}],"twitter_card":"summary_large_image","twitter_misc":{"Est. reading time":"2 minutes"},"schema":{"@context":"https:\/\/schema.org","@graph":[{"@type":"WebPage","@id":"https:\/\/samorzadstudentow.uwr.edu.pl\/en\/szkolka-jezykowa\/","url":"https:\/\/samorzadstudentow.uwr.edu.pl\/en\/szkolka-jezykowa\/","name":"Szk\u00f3\u0142ka j\u0119zykowa - Student Government of the University of Wroclaw","isPartOf":{"@id":"https:\/\/samorzadstudentow.uwr.edu.pl\/#website"},"primaryImageOfPage":{"@id":"https:\/\/samorzadstudentow.uwr.edu.pl\/en\/szkolka-jezykowa\/#primaryimage"},"image":{"@id":"https:\/\/samorzadstudentow.uwr.edu.pl\/en\/szkolka-jezykowa\/#primaryimage"},"thumbnailUrl":"https:\/\/samorzadstudentow.uwr.edu.pl\/wp-content\/uploads\/sites\/507\/2025\/11\/IMG_1395-edited.jpg","datePublished":"2025-12-23T19:50:54+00:00","dateModified":"2025-12-23T21:56:55+00:00","breadcrumb":{"@id":"https:\/\/samorzadstudentow.uwr.edu.pl\/en\/szkolka-jezykowa\/#breadcrumb"},"inLanguage":"en-US","potentialAction":[{"@type":"ReadAction","target":["https:\/\/samorzadstudentow.uwr.edu.pl\/en\/szkolka-jezykowa\/"]}]},{"@type":"ImageObject","inLanguage":"en-US","@id":"https:\/\/samorzadstudentow.uwr.edu.pl\/en\/szkolka-jezykowa\/#primaryimage","url":"https:\/\/samorzadstudentow.uwr.edu.pl\/wp-content\/uploads\/sites\/507\/2025\/11\/IMG_1395-edited.jpg","contentUrl":"https:\/\/samorzadstudentow.uwr.edu.pl\/wp-content\/uploads\/sites\/507\/2025\/11\/IMG_1395-edited.jpg"},{"@type":"BreadcrumbList","@id":"https:\/\/samorzadstudentow.uwr.edu.pl\/en\/szkolka-jezykowa\/#breadcrumb","itemListElement":[{"@type":"ListItem","position":1,"name":"Strona g\u0142\u00f3wna","item":"https:\/\/samorzadstudentow.uwr.edu.pl\/en\/strona-glowna2-2\/"},{"@type":"ListItem","position":2,"name":"Szk\u00f3\u0142ka j\u0119zykowa"}]},{"@type":"WebSite","@id":"https:\/\/samorzadstudentow.uwr.edu.pl\/#website","url":"https:\/\/samorzadstudentow.uwr.edu.pl\/","name":"Student Government of the University of Wroclaw","description":"website created by students UWr for students UWr","publisher":{"@id":"https:\/\/samorzadstudentow.uwr.edu.pl\/#organization"},"potentialAction":[{"@type":"SearchAction","target":{"@type":"EntryPoint","urlTemplate":"https:\/\/samorzadstudentow.uwr.edu.pl\/?s={search_term_string}"},"query-input":{"@type":"PropertyValueSpecification","valueRequired":true,"valueName":"search_term_string"}}],"inLanguage":"en-US"},{"@type":"Organization","@id":"https:\/\/samorzadstudentow.uwr.edu.pl\/#organization","name":"Student Government of the University of Wroclaw","url":"https:\/\/samorzadstudentow.uwr.edu.pl\/","logo":{"@type":"ImageObject","inLanguage":"en-US","@id":"https:\/\/samorzadstudentow.uwr.edu.pl\/#\/schema\/logo\/image\/","url":"https:\/\/samorzadstudentow.uwr.edu.pl\/wp-content\/uploads\/sites\/507\/2025\/10\/UWr-logotyp-2025.png","contentUrl":"https:\/\/samorzadstudentow.uwr.edu.pl\/wp-content\/uploads\/sites\/507\/2025\/10\/UWr-logotyp-2025.png","width":764,"height":269,"caption":"Student Government of the University of Wroclaw"},"image":{"@id":"https:\/\/samorzadstudentow.uwr.edu.pl\/#\/schema\/logo\/image\/"}}]}},"publishpress_future_action":{"enabled":false,"date":"2026-05-20 00:48:48","action":"change-status","newStatus":"draft","terms":[],"taxonomy":"category","extraData":[]},"publishpress_future_workflow_manual_trigger":{"enabledWorkflows":[]},"_links":{"self":[{"href":"https:\/\/samorzadstudentow.uwr.edu.pl\/en\/wp-json\/wp\/v2\/pages\/29506\/"}],"collection":[{"href":"https:\/\/samorzadstudentow.uwr.edu.pl\/en\/wp-json\/wp\/v2\/pages\/"}],"about":[{"href":"https:\/\/samorzadstudentow.uwr.edu.pl\/en\/wp-json\/wp\/v2\/types\/page\/"}],"author":[{"embeddable":true,"href":"https:\/\/samorzadstudentow.uwr.edu.pl\/en\/wp-json\/wp\/v2\/users\/9447\/"}],"replies":[{"embeddable":true,"href":"https:\/\/samorzadstudentow.uwr.edu.pl\/en\/wp-json\/wp\/v2\/comments\/?post=29506"}],"version-history":[{"count":2,"href":"https:\/\/samorzadstudentow.uwr.edu.pl\/en\/wp-json\/wp\/v2\/pages\/29506\/revisions\/"}],"predecessor-version":[{"id":29773,"href":"https:\/\/samorzadstudentow.uwr.edu.pl\/en\/wp-json\/wp\/v2\/pages\/29506\/revisions\/29773\/"}],"wp:attachment":[{"href":"https:\/\/samorzadstudentow.uwr.edu.pl\/en\/wp-json\/wp\/v2\/media\/?parent=29506"}],"wp:term":[{"taxonomy":"category","embeddable":true,"href":"https:\/\/samorzadstudentow.uwr.edu.pl\/en\/wp-json\/wp\/v2\/categories\/?post=29506"},{"taxonomy":"post_tag","embeddable":true,"href":"https:\/\/samorzadstudentow.uwr.edu.pl\/en\/wp-json\/wp\/v2\/tags\/?post=29506"}],"curies":[{"name":"wp","href":"https:\/\/api.w.org\/{rel}","templated":true}]}}